{"id":1409,"date":"2024-07-22T14:49:46","date_gmt":"2024-07-22T18:49:46","guid":{"rendered":"https:\/\/www.sedesoruro.gob.bo\/?page_id=1409"},"modified":"2024-10-09T23:24:13","modified_gmt":"2024-10-10T03:24:13","slug":"unidadadministrativa","status":"publish","type":"page","link":"https:\/\/www.sedesoruro.gob.bo\/index.php\/unidadadministrativa\/","title":{"rendered":"Unidad Administrativa y Financiera"},"content":{"rendered":"\t\t<div data-elementor-type=\"wp-page\" data-elementor-id=\"1409\" class=\"elementor elementor-1409\">\n\t\t\t\t<div class=\"elementor-element elementor-element-01de7f2 e-con-full e-flex e-con e-parent\" data-id=\"01de7f2\" data-element_type=\"container\">\n\t\t\t\t<div class=\"elementor-element elementor-element-bf5ed79 elementor-widget elementor-widget-image\" data-id=\"bf5ed79\" data-element_type=\"widget\" data-widget_type=\"image.default\">\n\t\t\t\t<div class=\"elementor-widget-container\">\n\t\t\t\t\t\t\t\t\t\t\t\t\t\t\t<img fetchpriority=\"high\" decoding=\"async\" width=\"1600\" height=\"640\" src=\"https:\/\/www.sedesoruro.gob.bo\/wp-content\/uploads\/2024\/08\/administracion.jpeg\" class=\"attachment-full size-full wp-image-2088\" alt=\"\" srcset=\"https:\/\/www.sedesoruro.gob.bo\/wp-content\/uploads\/2024\/08\/administracion.jpeg 1600w, https:\/\/www.sedesoruro.gob.bo\/wp-content\/uploads\/2024\/08\/administracion-300x120.jpeg 300w, https:\/\/www.sedesoruro.gob.bo\/wp-content\/uploads\/2024\/08\/administracion-1024x410.jpeg 1024w, https:\/\/www.sedesoruro.gob.bo\/wp-content\/uploads\/2024\/08\/administracion-768x307.jpeg 768w, https:\/\/www.sedesoruro.gob.bo\/wp-content\/uploads\/2024\/08\/administracion-1536x614.jpeg 1536w\" sizes=\"(max-width: 1600px) 100vw, 1600px\" \/>\t\t\t\t\t\t\t\t\t\t\t\t\t\t\t<\/div>\n\t\t\t\t<\/div>\n\t\t\t\t<\/div>\n\t\t<div class=\"elementor-element elementor-element-407f4c1 e-flex e-con-boxed e-con e-parent\" data-id=\"407f4c1\" data-element_type=\"container\">\n\t\t\t\t\t<div class=\"e-con-inner\">\n\t\t\t\t<div class=\"elementor-element elementor-element-3a88344 elementor-widget elementor-widget-spacer\" data-id=\"3a88344\" data-element_type=\"widget\" data-widget_type=\"spacer.default\">\n\t\t\t\t<div class=\"elementor-widget-container\">\n\t\t\t\t\t\t\t<div class=\"elementor-spacer\">\n\t\t\t<div class=\"elementor-spacer-inner\"><\/div>\n\t\t<\/div>\n\t\t\t\t\t\t<\/div>\n\t\t\t\t<\/div>\n\t\t\t\t\t<\/div>\n\t\t\t\t<\/div>\n\t\t<div class=\"elementor-element elementor-element-9ddc467 e-flex e-con-boxed e-con e-parent\" data-id=\"9ddc467\" data-element_type=\"container\">\n\t\t\t\t\t<div class=\"e-con-inner\">\n\t\t\t\t<div class=\"elementor-element elementor-element-ac5ffd2 elementor-widget-divider--view-line_icon elementor-view-default elementor-widget-divider--element-align-center elementor-invisible elementor-widget elementor-widget-divider\" data-id=\"ac5ffd2\" data-element_type=\"widget\" data-settings=\"{&quot;_animation&quot;:&quot;fadeInLeft&quot;}\" data-widget_type=\"divider.default\">\n\t\t\t\t<div class=\"elementor-widget-container\">\n\t\t\t\t\t\t\t<div class=\"elementor-divider\">\n\t\t\t<span class=\"elementor-divider-separator\">\n\t\t\t\t\t\t\t<div class=\"elementor-icon elementor-divider__element\">\n\t\t\t\t\t<svg aria-hidden=\"true\" class=\"e-font-icon-svg e-fas-ellipsis-h\" viewBox=\"0 0 512 512\" xmlns=\"http:\/\/www.w3.org\/2000\/svg\"><path d=\"M328 256c0 39.8-32.2 72-72 72s-72-32.2-72-72 32.2-72 72-72 72 32.2 72 72zm104-72c-39.8 0-72 32.2-72 72s32.2 72 72 72 72-32.2 72-72-32.2-72-72-72zm-352 0c-39.8 0-72 32.2-72 72s32.2 72 72 72 72-32.2 72-72-32.2-72-72-72z\"><\/path><\/svg><\/div>\n\t\t\t\t\t\t<\/span>\n\t\t<\/div>\n\t\t\t\t\t\t<\/div>\n\t\t\t\t<\/div>\n\t\t\t\t\t<\/div>\n\t\t\t\t<\/div>\n\t\t<div class=\"elementor-element elementor-element-6dc472c e-flex e-con-boxed e-con e-parent\" data-id=\"6dc472c\" data-element_type=\"container\">\n\t\t\t\t\t<div class=\"e-con-inner\">\n\t\t\t\t<div class=\"elementor-element elementor-element-b2d8540 elementor-widget elementor-widget-heading\" data-id=\"b2d8540\" data-element_type=\"widget\" data-widget_type=\"heading.default\">\n\t\t\t\t<div class=\"elementor-widget-container\">\n\t\t\t\t\t<h4 class=\"elementor-heading-title elementor-size-default\">Objetivo<\/h4>\t\t\t\t<\/div>\n\t\t\t\t<\/div>\n\t\t\t\t\t<\/div>\n\t\t\t\t<\/div>\n\t\t<div class=\"elementor-element elementor-element-05ac914 e-flex e-con-boxed e-con e-parent\" data-id=\"05ac914\" data-element_type=\"container\">\n\t\t\t\t\t<div class=\"e-con-inner\">\n\t\t\t\t<div class=\"elementor-element elementor-element-4ade2a6 elementor-widget elementor-widget-text-editor\" data-id=\"4ade2a6\" data-element_type=\"widget\" data-widget_type=\"text-editor.default\">\n\t\t\t\t<div class=\"elementor-widget-container\">\n\t\t\t\t\t\t\t\t\t<p><span style=\"color: #000000;\">Lograr que las actividades administrativas financieras programadas, considerando el origen y destino de los recursos, este encaminada al logro de los objetivos a partir del dise\u00f1o y actualizaci\u00f3n de los Sistemas de formulaci\u00f3n, control y evaluaci\u00f3n de la\u00a0 Ley 1178, con el fin de desarrollar un sistema de administraci\u00f3n financiera y control acorde a las normas legales vigentes, en coordinaci\u00f3n con las unidades t\u00e9cnicas del SEDES ORURO.<\/span><\/p>\t\t\t\t\t\t\t\t<\/div>\n\t\t\t\t<\/div>\n\t\t\t\t\t<\/div>\n\t\t\t\t<\/div>\n\t\t<div class=\"elementor-element elementor-element-15b9b48 e-flex e-con-boxed e-con e-parent\" data-id=\"15b9b48\" data-element_type=\"container\">\n\t\t\t\t\t<div class=\"e-con-inner\">\n\t\t\t\t<div class=\"elementor-element elementor-element-dc86b2b elementor-widget-divider--view-line_icon elementor-view-default elementor-widget-divider--element-align-center elementor-invisible elementor-widget elementor-widget-divider\" data-id=\"dc86b2b\" data-element_type=\"widget\" data-settings=\"{&quot;_animation&quot;:&quot;fadeInLeft&quot;}\" data-widget_type=\"divider.default\">\n\t\t\t\t<div class=\"elementor-widget-container\">\n\t\t\t\t\t\t\t<div class=\"elementor-divider\">\n\t\t\t<span class=\"elementor-divider-separator\">\n\t\t\t\t\t\t\t<div class=\"elementor-icon elementor-divider__element\">\n\t\t\t\t\t<svg aria-hidden=\"true\" class=\"e-font-icon-svg e-fas-ellipsis-h\" viewBox=\"0 0 512 512\" xmlns=\"http:\/\/www.w3.org\/2000\/svg\"><path d=\"M328 256c0 39.8-32.2 72-72 72s-72-32.2-72-72 32.2-72 72-72 72 32.2 72 72zm104-72c-39.8 0-72 32.2-72 72s32.2 72 72 72 72-32.2 72-72-32.2-72-72-72zm-352 0c-39.8 0-72 32.2-72 72s32.2 72 72 72 72-32.2 72-72-32.2-72-72-72z\"><\/path><\/svg><\/div>\n\t\t\t\t\t\t<\/span>\n\t\t<\/div>\n\t\t\t\t\t\t<\/div>\n\t\t\t\t<\/div>\n\t\t\t\t\t<\/div>\n\t\t\t\t<\/div>\n\t\t<div class=\"elementor-element elementor-element-3420443 e-flex e-con-boxed e-con e-parent\" data-id=\"3420443\" data-element_type=\"container\">\n\t\t\t\t\t<div class=\"e-con-inner\">\n\t\t\t\t<div class=\"elementor-element elementor-element-5e5b684 elementor-widget elementor-widget-heading\" data-id=\"5e5b684\" data-element_type=\"widget\" data-widget_type=\"heading.default\">\n\t\t\t\t<div class=\"elementor-widget-container\">\n\t\t\t\t\t<h4 class=\"elementor-heading-title elementor-size-default\">Estructura Interna<\/h4>\t\t\t\t<\/div>\n\t\t\t\t<\/div>\n\t\t\t\t\t<\/div>\n\t\t\t\t<\/div>\n\t\t<div class=\"elementor-element elementor-element-45f61f1 e-flex e-con-boxed e-con e-parent\" data-id=\"45f61f1\" data-element_type=\"container\">\n\t\t\t\t\t<div class=\"e-con-inner\">\n\t\t<div class=\"elementor-element elementor-element-386c61b e-con-full e-flex e-con e-child\" data-id=\"386c61b\" data-element_type=\"container\">\n\t\t\t\t<div class=\"elementor-element elementor-element-a548ba5 elementor-widget elementor-widget-image\" data-id=\"a548ba5\" data-element_type=\"widget\" data-widget_type=\"image.default\">\n\t\t\t\t<div class=\"elementor-widget-container\">\n\t\t\t\t\t\t\t\t\t\t\t\t\t\t\t<img decoding=\"async\" src=\"https:\/\/www.sedesoruro.gob.bo\/wp-content\/uploads\/elementor\/thumbs\/org-administracion-qrhy8vwqyg5544t6zvg2no1jxu2zgraked9x4jt98o.jpg\" title=\"org administracion\" alt=\"org administracion\" loading=\"lazy\" \/>\t\t\t\t\t\t\t\t\t\t\t\t\t\t\t<\/div>\n\t\t\t\t<\/div>\n\t\t\t\t<\/div>\n\t\t<div class=\"elementor-element elementor-element-cdf4ab6 e-con-full e-flex e-con e-child\" data-id=\"cdf4ab6\" data-element_type=\"container\">\n\t\t\t\t<div class=\"elementor-element elementor-element-d528ed1 elementor-widget elementor-widget-eael-adv-accordion\" data-id=\"d528ed1\" data-element_type=\"widget\" data-widget_type=\"eael-adv-accordion.default\">\n\t\t\t\t<div class=\"elementor-widget-container\">\n\t\t\t\t\t        <div class=\"eael-adv-accordion\" id=\"eael-adv-accordion-d528ed1\" data-scroll-on-click=\"no\" data-scroll-speed=\"300\" data-accordion-id=\"d528ed1\" data-accordion-type=\"accordion\" data-toogle-speed=\"300\">\n    <div class=\"eael-accordion-list\">\n                <div id=\"area-de-contabilidad\" class=\"elementor-tab-title eael-accordion-header active-default\" tabindex=\"0\" data-tab=\"1\" aria-controls=\"elementor-tab-content-2231\"><span class=\"eael-accordion-tab-title\">Area de Contabilidad<\/span><\/div><div id=\"elementor-tab-content-2231\" class=\"eael-accordion-content clearfix active-default\" data-tab=\"1\" aria-labelledby=\"area-de-contabilidad\"><p><span style=\"color: #990000;\"><strong>Objetivo:<\/strong><\/span><\/p><p>Aplicaci\u00f3n de sistema de contabilidad integrada para el registro \u00fanico de transacciones presupuestarias, financieras y patrimoniales.<\/p><\/div>\n                <\/div><div class=\"eael-accordion-list\">\n                <div id=\"area-de-presupuestos\" class=\"elementor-tab-title eael-accordion-header\" tabindex=\"0\" data-tab=\"2\" aria-controls=\"elementor-tab-content-2232\"><span class=\"eael-accordion-tab-title\">Area de Presupuestos<\/span><\/div><div id=\"elementor-tab-content-2232\" class=\"eael-accordion-content clearfix\" data-tab=\"2\" aria-labelledby=\"area-de-presupuestos\"><p><span style=\"color: #990000;\"><strong>Objetivo:<\/strong><\/span><\/p><p>Planificar, organizar y ejecutar las operaciones del flujo presupuestario de cada gesti\u00f3n.<\/p><\/div>\n                <\/div><div class=\"eael-accordion-list\">\n                <div id=\"rea-de-tesorera\" class=\"elementor-tab-title eael-accordion-header\" tabindex=\"0\" data-tab=\"3\" aria-controls=\"elementor-tab-content-2233\"><span class=\"eael-accordion-tab-title\">\u00c1rea de Tesorer\u00eda<\/span><\/div><div id=\"elementor-tab-content-2233\" class=\"eael-accordion-content clearfix\" data-tab=\"3\" aria-labelledby=\"rea-de-tesorera\"><p><span style=\"color: #990000;\"><strong>Objetivo:<\/strong><\/span><\/p><p>Programar, organizar, ejecutar, controlar\u00a0 el recaudo, custodia de t\u00edtulos, valores, cobro de ingresos, manejo de financiamiento y la programaci\u00f3n de los compromisos, obligaciones y ejecuci\u00f3n de pagos a partir del presupuesto de ingresos y de gastos con el fin de elaborar flujos financieros de corto y mediano plazo, registrar pagos devengados y realizar la apertura de fondos, a fin de optimizar la administraci\u00f3n de los recursos, enmarcados en los fines y principios del SEDES ORURO, en la norma general emergente\u00a0 de la Ley 1178 y los reglamentos espec\u00edficos vigentes en la Instituci\u00f3n.<\/p><\/div>\n                <\/div><div class=\"eael-accordion-list\">\n                <div id=\"area-de-fondos-de-cooperacin-internacional\" class=\"elementor-tab-title eael-accordion-header\" tabindex=\"0\" data-tab=\"4\" aria-controls=\"elementor-tab-content-2234\"><span class=\"eael-accordion-tab-title\">Area de Fondos de Cooperaci\u00f3n Internacional<\/span><\/div><div id=\"elementor-tab-content-2234\" class=\"eael-accordion-content clearfix\" data-tab=\"4\" aria-labelledby=\"area-de-fondos-de-cooperacin-internacional\"><p><span style=\"color: #990000;\"><strong>Objetivo:<\/strong><\/span><\/p><p>Ejecutar y Controlar los\u00a0 recursos Transferidos por Organismos de Cooperaci\u00f3n Internacional\u00a0 a las diferentes Unidades y Programas del SEDES ORURO,\u00a0 con eficacia\u00a0 y transparencia, para brindar informaci\u00f3n de calidad, sujeto a normas y procedimientos establecidos en la Ley 1178 y Reglamentos espec\u00edficos del \u00e1rea<\/p><\/div>\n                <\/div><\/div>\t\t\t\t<\/div>\n\t\t\t\t<\/div>\n\t\t\t\t<\/div>\n\t\t\t\t\t<\/div>\n\t\t\t\t<\/div>\n\t\t<div class=\"elementor-element elementor-element-4fe1534 e-flex e-con-boxed e-con e-parent\" data-id=\"4fe1534\" data-element_type=\"container\">\n\t\t\t\t\t<div class=\"e-con-inner\">\n\t\t\t\t\t<\/div>\n\t\t\t\t<\/div>\n\t\t<div class=\"elementor-element elementor-element-1b0a69e e-flex e-con-boxed e-con e-parent\" data-id=\"1b0a69e\" data-element_type=\"container\">\n\t\t\t\t\t<div class=\"e-con-inner\">\n\t\t\t\t<div class=\"elementor-element elementor-element-7f53638 elementor-widget elementor-widget-miga_slide_everything_title\" data-id=\"7f53638\" data-element_type=\"widget\" data-widget_type=\"miga_slide_everything_title.default\">\n\t\t\t\t<div class=\"elementor-widget-container\">\n\t\t\t\t\t<div class=\"miga_slide_everything\" data-mousewheel=\"0\" data-sliderId=\"978\" data-spv=\"4\" data-spvt=\"2\" data-spvp=\"1\" data-spacebetween=\"30\" data-loop=\"0\" data-centerSlides=\"0\" data-autoplay=\"0\" data-newmethod=\"0\" data-pagination=\"0\" data-arrows=\"0\" data-latestSwiper=\"\" data-dot-padding=\"10\" data-touchmove=\"0\" data-autoplay-delay=\"\"><\/div><style type=\"text\/css\">#978 .swiper-button-prev {background-image: none } #978 .swiper-button-next {background-image: none } #978 .swiper-button-prev svg path {fill:} #978 .swiper-button-next svg path {fill:} #978 .swiper-button-prev:after {color:} #978 .swiper-button-next:after {color:} #978 .swiper-button-next, #978 .swiper-button-prev {height:44px; width:26.4px} <\/style>\t\t\t\t<\/div>\n\t\t\t\t<\/div>\n\t\t\t\t\t<\/div>\n\t\t\t\t<\/div>\n\t\t\t\t<\/div>\n\t\t","protected":false},"excerpt":{"rendered":"<p>Objetivo Lograr que las actividades administrativas financieras programadas, considerando el origen y destino de los recursos, este encaminada al logro de los objetivos a partir del dise\u00f1o y actualizaci\u00f3n de los Sistemas de formulaci\u00f3n, control y evaluaci\u00f3n de la\u00a0 Ley 1178, con el fin de desarrollar un sistema de administraci\u00f3n financiera y control acorde a&#8230;<\/p>\n","protected":false},"author":1,"featured_media":0,"parent":0,"menu_order":0,"comment_status":"closed","ping_status":"closed","template":"","meta":{"_cbd_carousel_blocks":"[]","_kad_post_transparent":"","_kad_post_title":"","_kad_post_layout":"","_kad_post_sidebar_id":"","_kad_post_content_style":"","_kad_post_vertical_padding":"","_kad_post_feature":"","_kad_post_feature_position":"","_kad_post_header":false,"_kad_post_footer":false,"_kad_post_classname":"","footnotes":""},"class_list":["post-1409","page","type-page","status-publish","hentry"],"yoast_head":"<!-- This site is optimized with the Yoast SEO plugin v23.1 - https:\/\/yoast.com\/wordpress\/plugins\/seo\/ -->\n<title>Unidad Administrativa y Financiera<\/title>\n<meta name=\"description\" content=\"Contribuir a mejorar la eficiencia, econom\u00eda, trasparencia y licitud de la gesti\u00f3n del Servicio Departamental de Salud\" \/>\n<meta name=\"robots\" content=\"index, follow, max-snippet:-1, max-image-preview:large, max-video-preview:-1\" \/>\n<link rel=\"canonical\" href=\"https:\/\/www.sedesoruro.gob.bo\/index.php\/unidadadministrativa\/\" \/>\n<meta property=\"og:locale\" content=\"es_ES\" \/>\n<meta property=\"og:type\" content=\"article\" \/>\n<meta property=\"og:title\" content=\"Unidad Administrativa y Financiera\" \/>\n<meta property=\"og:description\" content=\"Contribuir a mejorar la eficiencia, econom\u00eda, trasparencia y licitud de la gesti\u00f3n del Servicio Departamental de Salud\" \/>\n<meta property=\"og:url\" content=\"https:\/\/www.sedesoruro.gob.bo\/index.php\/unidadadministrativa\/\" \/>\n<meta property=\"og:site_name\" content=\"SERVICIO DEPARTAMENTAL DE SALUD - ORURO\" \/>\n<meta property=\"article:publisher\" content=\"https:\/\/www.facebook.com\/SEDESOR\" \/>\n<meta property=\"article:modified_time\" content=\"2024-10-10T03:24:13+00:00\" \/>\n<meta property=\"og:image\" content=\"https:\/\/www.sedesoruro.gob.bo\/wp-content\/uploads\/2024\/08\/administracion.jpeg\" \/>\n<meta name=\"twitter:card\" content=\"summary_large_image\" \/>\n<meta name=\"twitter:label1\" content=\"Tiempo de lectura\" \/>\n\t<meta name=\"twitter:data1\" content=\"2 minutos\" \/>\n<script type=\"application\/ld+json\" class=\"yoast-schema-graph\">{\"@context\":\"https:\/\/schema.org\",\"@graph\":[{\"@type\":\"WebPage\",\"@id\":\"https:\/\/www.sedesoruro.gob.bo\/index.php\/unidadadministrativa\/\",\"url\":\"https:\/\/www.sedesoruro.gob.bo\/index.php\/unidadadministrativa\/\",\"name\":\"Unidad Administrativa y Financiera\",\"isPartOf\":{\"@id\":\"https:\/\/www.sedesoruro.gob.bo\/#website\"},\"primaryImageOfPage\":{\"@id\":\"https:\/\/www.sedesoruro.gob.bo\/index.php\/unidadadministrativa\/#primaryimage\"},\"image\":{\"@id\":\"https:\/\/www.sedesoruro.gob.bo\/index.php\/unidadadministrativa\/#primaryimage\"},\"thumbnailUrl\":\"https:\/\/www.sedesoruro.gob.bo\/wp-content\/uploads\/2024\/08\/administracion.jpeg\",\"datePublished\":\"2024-07-22T18:49:46+00:00\",\"dateModified\":\"2024-10-10T03:24:13+00:00\",\"description\":\"Contribuir a mejorar la eficiencia, econom\u00eda, trasparencia y licitud de la gesti\u00f3n del Servicio Departamental de Salud\",\"breadcrumb\":{\"@id\":\"https:\/\/www.sedesoruro.gob.bo\/index.php\/unidadadministrativa\/#breadcrumb\"},\"inLanguage\":\"es\",\"potentialAction\":[{\"@type\":\"ReadAction\",\"target\":[\"https:\/\/www.sedesoruro.gob.bo\/index.php\/unidadadministrativa\/\"]}]},{\"@type\":\"ImageObject\",\"inLanguage\":\"es\",\"@id\":\"https:\/\/www.sedesoruro.gob.bo\/index.php\/unidadadministrativa\/#primaryimage\",\"url\":\"https:\/\/www.sedesoruro.gob.bo\/wp-content\/uploads\/2024\/08\/administracion.jpeg\",\"contentUrl\":\"https:\/\/www.sedesoruro.gob.bo\/wp-content\/uploads\/2024\/08\/administracion.jpeg\",\"width\":1600,\"height\":640},{\"@type\":\"BreadcrumbList\",\"@id\":\"https:\/\/www.sedesoruro.gob.bo\/index.php\/unidadadministrativa\/#breadcrumb\",\"itemListElement\":[{\"@type\":\"ListItem\",\"position\":1,\"name\":\"Portada\",\"item\":\"https:\/\/www.sedesoruro.gob.bo\/\"},{\"@type\":\"ListItem\",\"position\":2,\"name\":\"Unidad Administrativa y Financiera\"}]},{\"@type\":\"WebSite\",\"@id\":\"https:\/\/www.sedesoruro.gob.bo\/#website\",\"url\":\"https:\/\/www.sedesoruro.gob.bo\/\",\"name\":\"sedesoruro.gob.bo\",\"description\":\"SERVICIO DEPARTAMENTAL DE SALUD - ORURO\",\"publisher\":{\"@id\":\"https:\/\/www.sedesoruro.gob.bo\/#organization\"},\"alternateName\":\"Servicio Departamental de Salud - Oruro\",\"potentialAction\":[{\"@type\":\"SearchAction\",\"target\":{\"@type\":\"EntryPoint\",\"urlTemplate\":\"https:\/\/www.sedesoruro.gob.bo\/?s={search_term_string}\"},\"query-input\":\"required name=search_term_string\"}],\"inLanguage\":\"es\"},{\"@type\":\"Organization\",\"@id\":\"https:\/\/www.sedesoruro.gob.bo\/#organization\",\"name\":\"Servicio Departamental de Salud - Oruro\",\"alternateName\":\"SEDES ORURO\",\"url\":\"https:\/\/www.sedesoruro.gob.bo\/\",\"logo\":{\"@type\":\"ImageObject\",\"inLanguage\":\"es\",\"@id\":\"https:\/\/www.sedesoruro.gob.bo\/#\/schema\/logo\/image\/\",\"url\":\"https:\/\/www.sedesoruro.gob.bo\/wp-content\/uploads\/2024\/08\/LOGO-SEDES.jpg\",\"contentUrl\":\"https:\/\/www.sedesoruro.gob.bo\/wp-content\/uploads\/2024\/08\/LOGO-SEDES.jpg\",\"width\":226,\"height\":223,\"caption\":\"Servicio Departamental de Salud - Oruro\"},\"image\":{\"@id\":\"https:\/\/www.sedesoruro.gob.bo\/#\/schema\/logo\/image\/\"},\"sameAs\":[\"https:\/\/www.facebook.com\/SEDESOR\"]}]}<\/script>\n<!-- \/ Yoast SEO plugin. -->","yoast_head_json":{"title":"Unidad Administrativa y Financiera","description":"Contribuir a mejorar la eficiencia, econom\u00eda, trasparencia y licitud de la gesti\u00f3n del Servicio Departamental de Salud","robots":{"index":"index","follow":"follow","max-snippet":"max-snippet:-1","max-image-preview":"max-image-preview:large","max-video-preview":"max-video-preview:-1"},"canonical":"https:\/\/www.sedesoruro.gob.bo\/index.php\/unidadadministrativa\/","og_locale":"es_ES","og_type":"article","og_title":"Unidad Administrativa y Financiera","og_description":"Contribuir a mejorar la eficiencia, econom\u00eda, trasparencia y licitud de la gesti\u00f3n del Servicio Departamental de Salud","og_url":"https:\/\/www.sedesoruro.gob.bo\/index.php\/unidadadministrativa\/","og_site_name":"SERVICIO DEPARTAMENTAL DE SALUD - ORURO","article_publisher":"https:\/\/www.facebook.com\/SEDESOR","article_modified_time":"2024-10-10T03:24:13+00:00","og_image":[{"url":"https:\/\/www.sedesoruro.gob.bo\/wp-content\/uploads\/2024\/08\/administracion.jpeg"}],"twitter_card":"summary_large_image","twitter_misc":{"Tiempo de lectura":"2 minutos"},"schema":{"@context":"https:\/\/schema.org","@graph":[{"@type":"WebPage","@id":"https:\/\/www.sedesoruro.gob.bo\/index.php\/unidadadministrativa\/","url":"https:\/\/www.sedesoruro.gob.bo\/index.php\/unidadadministrativa\/","name":"Unidad Administrativa y Financiera","isPartOf":{"@id":"https:\/\/www.sedesoruro.gob.bo\/#website"},"primaryImageOfPage":{"@id":"https:\/\/www.sedesoruro.gob.bo\/index.php\/unidadadministrativa\/#primaryimage"},"image":{"@id":"https:\/\/www.sedesoruro.gob.bo\/index.php\/unidadadministrativa\/#primaryimage"},"thumbnailUrl":"https:\/\/www.sedesoruro.gob.bo\/wp-content\/uploads\/2024\/08\/administracion.jpeg","datePublished":"2024-07-22T18:49:46+00:00","dateModified":"2024-10-10T03:24:13+00:00","description":"Contribuir a mejorar la eficiencia, econom\u00eda, trasparencia y licitud de la gesti\u00f3n del Servicio Departamental de Salud","breadcrumb":{"@id":"https:\/\/www.sedesoruro.gob.bo\/index.php\/unidadadministrativa\/#breadcrumb"},"inLanguage":"es","potentialAction":[{"@type":"ReadAction","target":["https:\/\/www.sedesoruro.gob.bo\/index.php\/unidadadministrativa\/"]}]},{"@type":"ImageObject","inLanguage":"es","@id":"https:\/\/www.sedesoruro.gob.bo\/index.php\/unidadadministrativa\/#primaryimage","url":"https:\/\/www.sedesoruro.gob.bo\/wp-content\/uploads\/2024\/08\/administracion.jpeg","contentUrl":"https:\/\/www.sedesoruro.gob.bo\/wp-content\/uploads\/2024\/08\/administracion.jpeg","width":1600,"height":640},{"@type":"BreadcrumbList","@id":"https:\/\/www.sedesoruro.gob.bo\/index.php\/unidadadministrativa\/#breadcrumb","itemListElement":[{"@type":"ListItem","position":1,"name":"Portada","item":"https:\/\/www.sedesoruro.gob.bo\/"},{"@type":"ListItem","position":2,"name":"Unidad Administrativa y Financiera"}]},{"@type":"WebSite","@id":"https:\/\/www.sedesoruro.gob.bo\/#website","url":"https:\/\/www.sedesoruro.gob.bo\/","name":"sedesoruro.gob.bo","description":"SERVICIO DEPARTAMENTAL DE SALUD - ORURO","publisher":{"@id":"https:\/\/www.sedesoruro.gob.bo\/#organization"},"alternateName":"Servicio Departamental de Salud - Oruro","potentialAction":[{"@type":"SearchAction","target":{"@type":"EntryPoint","urlTemplate":"https:\/\/www.sedesoruro.gob.bo\/?s={search_term_string}"},"query-input":"required name=search_term_string"}],"inLanguage":"es"},{"@type":"Organization","@id":"https:\/\/www.sedesoruro.gob.bo\/#organization","name":"Servicio Departamental de Salud - Oruro","alternateName":"SEDES ORURO","url":"https:\/\/www.sedesoruro.gob.bo\/","logo":{"@type":"ImageObject","inLanguage":"es","@id":"https:\/\/www.sedesoruro.gob.bo\/#\/schema\/logo\/image\/","url":"https:\/\/www.sedesoruro.gob.bo\/wp-content\/uploads\/2024\/08\/LOGO-SEDES.jpg","contentUrl":"https:\/\/www.sedesoruro.gob.bo\/wp-content\/uploads\/2024\/08\/LOGO-SEDES.jpg","width":226,"height":223,"caption":"Servicio Departamental de Salud - Oruro"},"image":{"@id":"https:\/\/www.sedesoruro.gob.bo\/#\/schema\/logo\/image\/"},"sameAs":["https:\/\/www.facebook.com\/SEDESOR"]}]}},"_links":{"self":[{"href":"https:\/\/www.sedesoruro.gob.bo\/index.php\/wp-json\/wp\/v2\/pages\/1409","targetHints":{"allow":["GET"]}}],"collection":[{"href":"https:\/\/www.sedesoruro.gob.bo\/index.php\/wp-json\/wp\/v2\/pages"}],"about":[{"href":"https:\/\/www.sedesoruro.gob.bo\/index.php\/wp-json\/wp\/v2\/types\/page"}],"author":[{"embeddable":true,"href":"https:\/\/www.sedesoruro.gob.bo\/index.php\/wp-json\/wp\/v2\/users\/1"}],"replies":[{"embeddable":true,"href":"https:\/\/www.sedesoruro.gob.bo\/index.php\/wp-json\/wp\/v2\/comments?post=1409"}],"version-history":[{"count":29,"href":"https:\/\/www.sedesoruro.gob.bo\/index.php\/wp-json\/wp\/v2\/pages\/1409\/revisions"}],"predecessor-version":[{"id":3666,"href":"https:\/\/www.sedesoruro.gob.bo\/index.php\/wp-json\/wp\/v2\/pages\/1409\/revisions\/3666"}],"wp:attachment":[{"href":"https:\/\/www.sedesoruro.gob.bo\/index.php\/wp-json\/wp\/v2\/media?parent=1409"}],"curies":[{"name":"wp","href":"https:\/\/api.w.org\/{rel}","templated":true}]}}