{"id":1981,"date":"2024-08-19T13:52:15","date_gmt":"2024-08-19T17:52:15","guid":{"rendered":"https:\/\/www.sedesoruro.gob.bo\/?page_id=1981"},"modified":"2024-08-19T14:58:57","modified_gmt":"2024-08-19T18:58:57","slug":"coordinacion-de-red-de-salud-urbana","status":"publish","type":"page","link":"https:\/\/www.sedesoruro.gob.bo\/index.php\/coordinacion-de-red-de-salud-urbana\/","title":{"rendered":"Coordinaci\u00f3n de Red de Salud Urbana"},"content":{"rendered":"\t\t<div data-elementor-type=\"wp-page\" data-elementor-id=\"1981\" class=\"elementor elementor-1981\">\n\t\t\t\t<div class=\"elementor-element elementor-element-d52fb71 e-flex e-con-boxed e-con e-parent\" data-id=\"d52fb71\" data-element_type=\"container\">\n\t\t\t\t\t<div class=\"e-con-inner\">\n\t\t\t\t<div class=\"elementor-element elementor-element-ceaed4e elementor-widget-divider--view-line_icon animated-slow elementor-view-default elementor-widget-divider--element-align-center elementor-invisible elementor-widget elementor-widget-divider\" data-id=\"ceaed4e\" data-element_type=\"widget\" data-settings=\"{&quot;_animation&quot;:&quot;fadeInLeft&quot;}\" data-widget_type=\"divider.default\">\n\t\t\t\t<div class=\"elementor-widget-container\">\n\t\t\t\t\t\t\t<div class=\"elementor-divider\">\n\t\t\t<span class=\"elementor-divider-separator\">\n\t\t\t\t\t\t\t<div class=\"elementor-icon elementor-divider__element\">\n\t\t\t\t\t<svg aria-hidden=\"true\" class=\"e-font-icon-svg e-fas-ellipsis-h\" viewBox=\"0 0 512 512\" xmlns=\"http:\/\/www.w3.org\/2000\/svg\"><path d=\"M328 256c0 39.8-32.2 72-72 72s-72-32.2-72-72 32.2-72 72-72 72 32.2 72 72zm104-72c-39.8 0-72 32.2-72 72s32.2 72 72 72 72-32.2 72-72-32.2-72-72-72zm-352 0c-39.8 0-72 32.2-72 72s32.2 72 72 72 72-32.2 72-72-32.2-72-72-72z\"><\/path><\/svg><\/div>\n\t\t\t\t\t\t<\/span>\n\t\t<\/div>\n\t\t\t\t\t\t<\/div>\n\t\t\t\t<\/div>\n\t\t\t\t\t<\/div>\n\t\t\t\t<\/div>\n\t\t<div class=\"elementor-element elementor-element-1dd06c6 e-flex e-con-boxed e-con e-parent\" data-id=\"1dd06c6\" data-element_type=\"container\">\n\t\t\t\t\t<div class=\"e-con-inner\">\n\t\t\t\t\t<\/div>\n\t\t\t\t<\/div>\n\t\t<div class=\"elementor-element elementor-element-fd7d7f8 e-flex e-con-boxed e-con e-parent\" data-id=\"fd7d7f8\" data-element_type=\"container\">\n\t\t\t\t\t<div class=\"e-con-inner\">\n\t\t\t\t<div class=\"elementor-element elementor-element-180f13a elementor-widget elementor-widget-image\" data-id=\"180f13a\" data-element_type=\"widget\" data-widget_type=\"image.default\">\n\t\t\t\t<div class=\"elementor-widget-container\">\n\t\t\t\t\t\t\t\t\t\t\t\t\t\t\t<img fetchpriority=\"high\" decoding=\"async\" width=\"900\" height=\"421\" src=\"https:\/\/www.sedesoruro.gob.bo\/wp-content\/uploads\/2024\/08\/image-3.png\" class=\"attachment-large size-large wp-image-2025\" alt=\"\" srcset=\"https:\/\/www.sedesoruro.gob.bo\/wp-content\/uploads\/2024\/08\/image-3.png 900w, https:\/\/www.sedesoruro.gob.bo\/wp-content\/uploads\/2024\/08\/image-3-300x140.png 300w, https:\/\/www.sedesoruro.gob.bo\/wp-content\/uploads\/2024\/08\/image-3-768x359.png 768w\" sizes=\"(max-width: 900px) 100vw, 900px\" \/>\t\t\t\t\t\t\t\t\t\t\t\t\t\t\t<\/div>\n\t\t\t\t<\/div>\n\t\t\t\t\t<\/div>\n\t\t\t\t<\/div>\n\t\t<div class=\"elementor-element elementor-element-58f9befc e-flex e-con-boxed e-con e-parent\" data-id=\"58f9befc\" data-element_type=\"container\">\n\t\t\t\t\t<div class=\"e-con-inner\">\n\t\t\t\t<div class=\"elementor-element elementor-element-34faaed1 elementor-widget elementor-widget-text-editor\" data-id=\"34faaed1\" data-element_type=\"widget\" data-widget_type=\"text-editor.default\">\n\t\t\t\t<div class=\"elementor-widget-container\">\n\t\t\t\t\t\t\t\t\t\n<p><span style=\"color: #000000;\">La <strong>COORDINACI\u00d3N DE SERVICIOS DE SALUD RED URBANA<\/strong> se encuentra ubicada en el municipio de Oruro, est\u00e1 ubicado en el altiplano central del territorio boliviano.<\/span><\/p>\n<p><span style=\"color: #000000;\">Este que corresponde a la primera secci\u00f3n municipal de la provincia Cercado, como capital del departamento de Oruro. El municipio de Oruro, corresponde a la primera secci\u00f3n municipal de la provincia Cercado, ubic\u00e1ndose en la parte noreste del departamento en pleno altiplano central de Bolivia.<\/span><\/p>\n<p><span style=\"color: #000000;\">Con una extensi\u00f3n<strong> territorial<\/strong> de aproximada es de 285.08 km2, geogr\u00e1ficamente se encuentra situada entre las paralelas 17\u00ba 18\u00ba 14\u00ba de-8- longitud sud y 67\u00ba 07\u201900\u201d de longitud oeste del meridiano de Greenwich y\u00a0 la <strong>altura media es 3.706 msnm.<\/strong><\/span><\/p>\n<h5><span style=\"color: #000000;\">Los l\u00edmites est\u00e1n conformados de la siguiente manera:<\/span><\/h5>\n<p><span style=\"color: #000000;\">Al Norte con el Municipio de Soracachi (provincia Cercado)<\/span><\/p>\n<p><span style=\"color: #000000;\">Al Sud con el Municipio de Machacamarca y Municipio de El Choro (Provincia Pantale\u00f3n Dalence y Provincia Cercado).<\/span><\/p>\n<p><span style=\"color: #000000;\">Al Este con el Municipio de Soracachi (Provincia Cercado).<\/span><\/p>\n<p><span style=\"color: #000000;\">Al Oeste con el Municipio de Caracollo y Municipio de El Choro (Provincia Cercado)<\/span><\/p>\n<p>\u00a0<\/p>\n<p><span style=\"color: #000000;\">El municipio de Oruro, est\u00e1 dividido en cinco distritos consolidados por ordenanza Municipal N\u00b0 040\/94 emitida por el Honorable Concejo Municipal.<\/span><\/p>\n<p>\u00a0<\/p>\n<p><span style=\"color: #000000;\">Las juntas vecinales se encuentran afiliadas a la Federaci\u00f3n de Juntas Vecinales, tienen un registro con personer\u00eda jur\u00eddica y resoluci\u00f3n municipal.<\/span><\/p>\n<p>\u00a0<\/p>\n<p><span style=\"color: #000000;\">La Red de Salud Urbana, est\u00e1 conformada por el municipio Oruro con una carga poblacional municipal de 302643 habitantes, la cual podr\u00eda ser mayor considerando los asentamientos peri urbanos y la migraci\u00f3n interna (campo a ciudad).<\/span><\/p>\n\t\t\t\t\t\t\t\t<\/div>\n\t\t\t\t<\/div>\n\t\t\t\t\t<\/div>\n\t\t\t\t<\/div>\n\t\t<div class=\"elementor-element elementor-element-ff0575c e-flex e-con-boxed e-con e-parent\" data-id=\"ff0575c\" data-element_type=\"container\">\n\t\t\t\t\t<div class=\"e-con-inner\">\n\t\t\t\t<div class=\"elementor-element elementor-element-b55af33 elementor-widget elementor-widget-button\" data-id=\"b55af33\" data-element_type=\"widget\" data-widget_type=\"button.default\">\n\t\t\t\t<div class=\"elementor-widget-container\">\n\t\t\t\t\t\t\t\t\t<div class=\"elementor-button-wrapper\">\n\t\t\t\t\t<a class=\"elementor-button elementor-button-link elementor-size-sm\" href=\"https:\/\/www.sedesoruro.gob.bo\/index.php\/coorddptalredes\/\">\n\t\t\t\t\t\t<span class=\"elementor-button-content-wrapper\">\n\t\t\t\t\t\t\t\t\t<span class=\"elementor-button-text\">Volver a Redes de Salud<\/span>\n\t\t\t\t\t<\/span>\n\t\t\t\t\t<\/a>\n\t\t\t\t<\/div>\n\t\t\t\t\t\t\t\t<\/div>\n\t\t\t\t<\/div>\n\t\t\t\t\t<\/div>\n\t\t\t\t<\/div>\n\t\t\t\t<\/div>\n\t\t","protected":false},"excerpt":{"rendered":"<p>La COORDINACI\u00d3N DE SERVICIOS DE SALUD RED URBANA se encuentra ubicada en el municipio de Oruro, est\u00e1 ubicado en el altiplano central del territorio boliviano. Este que corresponde a la primera secci\u00f3n municipal de&#46;&#46;&#46;<\/p>\n","protected":false},"author":1,"featured_media":0,"parent":0,"menu_order":0,"comment_status":"closed","ping_status":"closed","template":"","meta":{"_cbd_carousel_blocks":"[]","footnotes":""},"class_list":["post-1981","page","type-page","status-publish","hentry"],"yoast_head":"<!-- This site is optimized with the Yoast SEO plugin v23.1 - https:\/\/yoast.com\/wordpress\/plugins\/seo\/ -->\n<title>Coordinaci\u00f3n de Red de Salud Urbana - %<\/title>\n<meta name=\"robots\" content=\"index, follow, max-snippet:-1, max-image-preview:large, max-video-preview:-1\" \/>\n<link rel=\"canonical\" href=\"https:\/\/www.sedesoruro.gob.bo\/index.php\/coordinacion-de-red-de-salud-urbana\/\" \/>\n<meta property=\"og:locale\" content=\"es_ES\" \/>\n<meta property=\"og:type\" content=\"article\" \/>\n<meta property=\"og:title\" content=\"Coordinaci\u00f3n de Red de Salud Urbana - %\" \/>\n<meta property=\"og:description\" content=\"La COORDINACI\u00d3N DE SERVICIOS DE SALUD RED URBANA se encuentra ubicada en el municipio de Oruro, est\u00e1 ubicado en el altiplano central del territorio boliviano. Este que corresponde a la primera secci\u00f3n municipal de&#046;&#046;&#046;\" \/>\n<meta property=\"og:url\" content=\"https:\/\/www.sedesoruro.gob.bo\/index.php\/coordinacion-de-red-de-salud-urbana\/\" \/>\n<meta property=\"og:site_name\" content=\"SERVICIO DEPARTAMENTAL DE SALUD - ORURO\" \/>\n<meta property=\"article:publisher\" content=\"https:\/\/www.facebook.com\/SEDESOR\" \/>\n<meta property=\"article:modified_time\" content=\"2024-08-19T18:58:57+00:00\" \/>\n<meta property=\"og:image\" content=\"https:\/\/www.sedesoruro.gob.bo\/wp-content\/uploads\/2024\/08\/image-3.png\" \/>\n<meta name=\"twitter:card\" content=\"summary_large_image\" \/>\n<meta name=\"twitter:label1\" content=\"Tiempo de lectura\" \/>\n\t<meta name=\"twitter:data1\" content=\"2 minutos\" \/>\n<script type=\"application\/ld+json\" class=\"yoast-schema-graph\">{\"@context\":\"https:\/\/schema.org\",\"@graph\":[{\"@type\":\"WebPage\",\"@id\":\"https:\/\/www.sedesoruro.gob.bo\/index.php\/coordinacion-de-red-de-salud-urbana\/\",\"url\":\"https:\/\/www.sedesoruro.gob.bo\/index.php\/coordinacion-de-red-de-salud-urbana\/\",\"name\":\"Coordinaci\u00f3n de Red de Salud Urbana - %\",\"isPartOf\":{\"@id\":\"https:\/\/www.sedesoruro.gob.bo\/#website\"},\"primaryImageOfPage\":{\"@id\":\"https:\/\/www.sedesoruro.gob.bo\/index.php\/coordinacion-de-red-de-salud-urbana\/#primaryimage\"},\"image\":{\"@id\":\"https:\/\/www.sedesoruro.gob.bo\/index.php\/coordinacion-de-red-de-salud-urbana\/#primaryimage\"},\"thumbnailUrl\":\"https:\/\/www.sedesoruro.gob.bo\/wp-content\/uploads\/2024\/08\/image-3.png\",\"datePublished\":\"2024-08-19T17:52:15+00:00\",\"dateModified\":\"2024-08-19T18:58:57+00:00\",\"breadcrumb\":{\"@id\":\"https:\/\/www.sedesoruro.gob.bo\/index.php\/coordinacion-de-red-de-salud-urbana\/#breadcrumb\"},\"inLanguage\":\"es\",\"potentialAction\":[{\"@type\":\"ReadAction\",\"target\":[\"https:\/\/www.sedesoruro.gob.bo\/index.php\/coordinacion-de-red-de-salud-urbana\/\"]}]},{\"@type\":\"ImageObject\",\"inLanguage\":\"es\",\"@id\":\"https:\/\/www.sedesoruro.gob.bo\/index.php\/coordinacion-de-red-de-salud-urbana\/#primaryimage\",\"url\":\"https:\/\/www.sedesoruro.gob.bo\/wp-content\/uploads\/2024\/08\/image-3.png\",\"contentUrl\":\"https:\/\/www.sedesoruro.gob.bo\/wp-content\/uploads\/2024\/08\/image-3.png\",\"width\":900,\"height\":421},{\"@type\":\"BreadcrumbList\",\"@id\":\"https:\/\/www.sedesoruro.gob.bo\/index.php\/coordinacion-de-red-de-salud-urbana\/#breadcrumb\",\"itemListElement\":[{\"@type\":\"ListItem\",\"position\":1,\"name\":\"Portada\",\"item\":\"https:\/\/www.sedesoruro.gob.bo\/\"},{\"@type\":\"ListItem\",\"position\":2,\"name\":\"Coordinaci\u00f3n de Red de Salud Urbana\"}]},{\"@type\":\"WebSite\",\"@id\":\"https:\/\/www.sedesoruro.gob.bo\/#website\",\"url\":\"https:\/\/www.sedesoruro.gob.bo\/\",\"name\":\"sedesoruro.gob.bo\",\"description\":\"SERVICIO DEPARTAMENTAL DE SALUD - ORURO\",\"publisher\":{\"@id\":\"https:\/\/www.sedesoruro.gob.bo\/#organization\"},\"alternateName\":\"Servicio Departamental de Salud - Oruro\",\"potentialAction\":[{\"@type\":\"SearchAction\",\"target\":{\"@type\":\"EntryPoint\",\"urlTemplate\":\"https:\/\/www.sedesoruro.gob.bo\/?s={search_term_string}\"},\"query-input\":\"required name=search_term_string\"}],\"inLanguage\":\"es\"},{\"@type\":\"Organization\",\"@id\":\"https:\/\/www.sedesoruro.gob.bo\/#organization\",\"name\":\"Servicio Departamental de Salud - Oruro\",\"alternateName\":\"SEDES ORURO\",\"url\":\"https:\/\/www.sedesoruro.gob.bo\/\",\"logo\":{\"@type\":\"ImageObject\",\"inLanguage\":\"es\",\"@id\":\"https:\/\/www.sedesoruro.gob.bo\/#\/schema\/logo\/image\/\",\"url\":\"https:\/\/www.sedesoruro.gob.bo\/wp-content\/uploads\/2024\/08\/LOGO-SEDES.jpg\",\"contentUrl\":\"https:\/\/www.sedesoruro.gob.bo\/wp-content\/uploads\/2024\/08\/LOGO-SEDES.jpg\",\"width\":226,\"height\":223,\"caption\":\"Servicio Departamental de Salud - Oruro\"},\"image\":{\"@id\":\"https:\/\/www.sedesoruro.gob.bo\/#\/schema\/logo\/image\/\"},\"sameAs\":[\"https:\/\/www.facebook.com\/SEDESOR\"]}]}<\/script>\n<!-- \/ Yoast SEO plugin. -->","yoast_head_json":{"title":"Coordinaci\u00f3n de Red de Salud Urbana - %","robots":{"index":"index","follow":"follow","max-snippet":"max-snippet:-1","max-image-preview":"max-image-preview:large","max-video-preview":"max-video-preview:-1"},"canonical":"https:\/\/www.sedesoruro.gob.bo\/index.php\/coordinacion-de-red-de-salud-urbana\/","og_locale":"es_ES","og_type":"article","og_title":"Coordinaci\u00f3n de Red de Salud Urbana - %","og_description":"La COORDINACI\u00d3N DE SERVICIOS DE SALUD RED URBANA se encuentra ubicada en el municipio de Oruro, est\u00e1 ubicado en el altiplano central del territorio boliviano. Este que corresponde a la primera secci\u00f3n municipal de&#46;&#46;&#46;","og_url":"https:\/\/www.sedesoruro.gob.bo\/index.php\/coordinacion-de-red-de-salud-urbana\/","og_site_name":"SERVICIO DEPARTAMENTAL DE SALUD - ORURO","article_publisher":"https:\/\/www.facebook.com\/SEDESOR","article_modified_time":"2024-08-19T18:58:57+00:00","og_image":[{"url":"https:\/\/www.sedesoruro.gob.bo\/wp-content\/uploads\/2024\/08\/image-3.png"}],"twitter_card":"summary_large_image","twitter_misc":{"Tiempo de lectura":"2 minutos"},"schema":{"@context":"https:\/\/schema.org","@graph":[{"@type":"WebPage","@id":"https:\/\/www.sedesoruro.gob.bo\/index.php\/coordinacion-de-red-de-salud-urbana\/","url":"https:\/\/www.sedesoruro.gob.bo\/index.php\/coordinacion-de-red-de-salud-urbana\/","name":"Coordinaci\u00f3n de Red de Salud Urbana - %","isPartOf":{"@id":"https:\/\/www.sedesoruro.gob.bo\/#website"},"primaryImageOfPage":{"@id":"https:\/\/www.sedesoruro.gob.bo\/index.php\/coordinacion-de-red-de-salud-urbana\/#primaryimage"},"image":{"@id":"https:\/\/www.sedesoruro.gob.bo\/index.php\/coordinacion-de-red-de-salud-urbana\/#primaryimage"},"thumbnailUrl":"https:\/\/www.sedesoruro.gob.bo\/wp-content\/uploads\/2024\/08\/image-3.png","datePublished":"2024-08-19T17:52:15+00:00","dateModified":"2024-08-19T18:58:57+00:00","breadcrumb":{"@id":"https:\/\/www.sedesoruro.gob.bo\/index.php\/coordinacion-de-red-de-salud-urbana\/#breadcrumb"},"inLanguage":"es","potentialAction":[{"@type":"ReadAction","target":["https:\/\/www.sedesoruro.gob.bo\/index.php\/coordinacion-de-red-de-salud-urbana\/"]}]},{"@type":"ImageObject","inLanguage":"es","@id":"https:\/\/www.sedesoruro.gob.bo\/index.php\/coordinacion-de-red-de-salud-urbana\/#primaryimage","url":"https:\/\/www.sedesoruro.gob.bo\/wp-content\/uploads\/2024\/08\/image-3.png","contentUrl":"https:\/\/www.sedesoruro.gob.bo\/wp-content\/uploads\/2024\/08\/image-3.png","width":900,"height":421},{"@type":"BreadcrumbList","@id":"https:\/\/www.sedesoruro.gob.bo\/index.php\/coordinacion-de-red-de-salud-urbana\/#breadcrumb","itemListElement":[{"@type":"ListItem","position":1,"name":"Portada","item":"https:\/\/www.sedesoruro.gob.bo\/"},{"@type":"ListItem","position":2,"name":"Coordinaci\u00f3n de Red de Salud Urbana"}]},{"@type":"WebSite","@id":"https:\/\/www.sedesoruro.gob.bo\/#website","url":"https:\/\/www.sedesoruro.gob.bo\/","name":"sedesoruro.gob.bo","description":"SERVICIO DEPARTAMENTAL DE SALUD - ORURO","publisher":{"@id":"https:\/\/www.sedesoruro.gob.bo\/#organization"},"alternateName":"Servicio Departamental de Salud - Oruro","potentialAction":[{"@type":"SearchAction","target":{"@type":"EntryPoint","urlTemplate":"https:\/\/www.sedesoruro.gob.bo\/?s={search_term_string}"},"query-input":"required name=search_term_string"}],"inLanguage":"es"},{"@type":"Organization","@id":"https:\/\/www.sedesoruro.gob.bo\/#organization","name":"Servicio Departamental de Salud - Oruro","alternateName":"SEDES ORURO","url":"https:\/\/www.sedesoruro.gob.bo\/","logo":{"@type":"ImageObject","inLanguage":"es","@id":"https:\/\/www.sedesoruro.gob.bo\/#\/schema\/logo\/image\/","url":"https:\/\/www.sedesoruro.gob.bo\/wp-content\/uploads\/2024\/08\/LOGO-SEDES.jpg","contentUrl":"https:\/\/www.sedesoruro.gob.bo\/wp-content\/uploads\/2024\/08\/LOGO-SEDES.jpg","width":226,"height":223,"caption":"Servicio Departamental de Salud - Oruro"},"image":{"@id":"https:\/\/www.sedesoruro.gob.bo\/#\/schema\/logo\/image\/"},"sameAs":["https:\/\/www.facebook.com\/SEDESOR"]}]}},"_links":{"self":[{"href":"https:\/\/www.sedesoruro.gob.bo\/index.php\/wp-json\/wp\/v2\/pages\/1981","targetHints":{"allow":["GET"]}}],"collection":[{"href":"https:\/\/www.sedesoruro.gob.bo\/index.php\/wp-json\/wp\/v2\/pages"}],"about":[{"href":"https:\/\/www.sedesoruro.gob.bo\/index.php\/wp-json\/wp\/v2\/types\/page"}],"author":[{"embeddable":true,"href":"https:\/\/www.sedesoruro.gob.bo\/index.php\/wp-json\/wp\/v2\/users\/1"}],"replies":[{"embeddable":true,"href":"https:\/\/www.sedesoruro.gob.bo\/index.php\/wp-json\/wp\/v2\/comments?post=1981"}],"version-history":[{"count":5,"href":"https:\/\/www.sedesoruro.gob.bo\/index.php\/wp-json\/wp\/v2\/pages\/1981\/revisions"}],"predecessor-version":[{"id":2029,"href":"https:\/\/www.sedesoruro.gob.bo\/index.php\/wp-json\/wp\/v2\/pages\/1981\/revisions\/2029"}],"wp:attachment":[{"href":"https:\/\/www.sedesoruro.gob.bo\/index.php\/wp-json\/wp\/v2\/media?parent=1981"}],"curies":[{"name":"wp","href":"https:\/\/api.w.org\/{rel}","templated":true}]}}