{"id":1983,"date":"2024-08-19T13:54:02","date_gmt":"2024-08-19T17:54:02","guid":{"rendered":"https:\/\/www.sedesoruro.gob.bo\/?page_id=1983"},"modified":"2024-08-19T14:34:16","modified_gmt":"2024-08-19T18:34:16","slug":"coordinacion-de-red-de-salud-norte","status":"publish","type":"page","link":"https:\/\/www.sedesoruro.gob.bo\/index.php\/coordinacion-de-red-de-salud-norte\/","title":{"rendered":"Coordinaci\u00f3n de Red de Salud Norte"},"content":{"rendered":"\t\t<div data-elementor-type=\"wp-page\" data-elementor-id=\"1983\" class=\"elementor elementor-1983\">\n\t\t\t\t<div class=\"elementor-element elementor-element-d52fb71 e-flex e-con-boxed e-con e-parent\" data-id=\"d52fb71\" data-element_type=\"container\">\n\t\t\t\t\t<div class=\"e-con-inner\">\n\t\t\t\t<div class=\"elementor-element elementor-element-ceaed4e elementor-widget-divider--view-line_icon animated-slow elementor-view-default elementor-widget-divider--element-align-center elementor-invisible elementor-widget elementor-widget-divider\" data-id=\"ceaed4e\" data-element_type=\"widget\" data-settings=\"{&quot;_animation&quot;:&quot;fadeInLeft&quot;}\" data-widget_type=\"divider.default\">\n\t\t\t\t<div class=\"elementor-widget-container\">\n\t\t\t\t\t\t\t<div class=\"elementor-divider\">\n\t\t\t<span class=\"elementor-divider-separator\">\n\t\t\t\t\t\t\t<div class=\"elementor-icon elementor-divider__element\">\n\t\t\t\t\t<svg aria-hidden=\"true\" class=\"e-font-icon-svg e-fas-ellipsis-h\" viewBox=\"0 0 512 512\" xmlns=\"http:\/\/www.w3.org\/2000\/svg\"><path d=\"M328 256c0 39.8-32.2 72-72 72s-72-32.2-72-72 32.2-72 72-72 72 32.2 72 72zm104-72c-39.8 0-72 32.2-72 72s32.2 72 72 72 72-32.2 72-72-32.2-72-72-72zm-352 0c-39.8 0-72 32.2-72 72s32.2 72 72 72 72-32.2 72-72-32.2-72-72-72z\"><\/path><\/svg><\/div>\n\t\t\t\t\t\t<\/span>\n\t\t<\/div>\n\t\t\t\t\t\t<\/div>\n\t\t\t\t<\/div>\n\t\t\t\t\t<\/div>\n\t\t\t\t<\/div>\n\t\t<div class=\"elementor-element elementor-element-1dd06c6 e-flex e-con-boxed e-con e-parent\" data-id=\"1dd06c6\" data-element_type=\"container\">\n\t\t\t\t\t<div class=\"e-con-inner\">\n\t\t\t\t\t<\/div>\n\t\t\t\t<\/div>\n\t\t<div class=\"elementor-element elementor-element-fd7d7f8 e-flex e-con-boxed e-con e-parent\" data-id=\"fd7d7f8\" data-element_type=\"container\">\n\t\t\t\t\t<div class=\"e-con-inner\">\n\t\t\t\t<div class=\"elementor-element elementor-element-180f13a elementor-widget elementor-widget-image\" data-id=\"180f13a\" data-element_type=\"widget\" data-widget_type=\"image.default\">\n\t\t\t\t<div class=\"elementor-widget-container\">\n\t\t\t\t\t\t\t\t\t\t\t\t\t\t\t<img fetchpriority=\"high\" decoding=\"async\" width=\"812\" height=\"382\" src=\"https:\/\/www.sedesoruro.gob.bo\/wp-content\/uploads\/2024\/08\/image-2.png\" class=\"attachment-large size-large wp-image-2010\" alt=\"\" srcset=\"https:\/\/www.sedesoruro.gob.bo\/wp-content\/uploads\/2024\/08\/image-2.png 812w, https:\/\/www.sedesoruro.gob.bo\/wp-content\/uploads\/2024\/08\/image-2-300x141.png 300w, https:\/\/www.sedesoruro.gob.bo\/wp-content\/uploads\/2024\/08\/image-2-768x361.png 768w\" sizes=\"(max-width: 812px) 100vw, 812px\" \/>\t\t\t\t\t\t\t\t\t\t\t\t\t\t\t<\/div>\n\t\t\t\t<\/div>\n\t\t\t\t\t<\/div>\n\t\t\t\t<\/div>\n\t\t<div class=\"elementor-element elementor-element-58f9befc e-flex e-con-boxed e-con e-parent\" data-id=\"58f9befc\" data-element_type=\"container\">\n\t\t\t\t\t<div class=\"e-con-inner\">\n\t\t\t\t<div class=\"elementor-element elementor-element-34faaed1 elementor-widget elementor-widget-text-editor\" data-id=\"34faaed1\" data-element_type=\"widget\" data-widget_type=\"text-editor.default\">\n\t\t\t\t<div class=\"elementor-widget-container\">\n\t\t\t\t\t\t\t\t\t<p><span style=\"color: #000000;\">La\u00a0 Coordinaci\u00f3n de Salud Norte est\u00e1 situado al norte de la capital Oruro, conformado por los municipios de: Caracollo, conocida a nivel nacional e internacional por\u00a0 ser un punto de integraci\u00f3n agropecuario, comercial, municipio de Curahuara caracterizado por\u00a0 sus recursos Culturales, la iglesia bizantina, sus pinturas rupestres, los chullpares, el majestuoso Sajama, sus recursos\u00a0 naturales,\u00a0 y ancestrales, econom\u00eda esencialmente ganadera y agricultura, el municipio de Totora distinguido por ser capital de la tarqueada, municipio de Soracachi que se caracteriza.<\/span><\/p>\n<p><span style=\"color: #000000;\">Sus l\u00edmites son los siguientes: Al Norte limita con el departamento de La Paz., Al Sud con los municipios de turco, Corque, Toledo El Choro, Al Este el departamento de Cochabamba, Al Oeste con la Rep\u00fablica de Chile.<\/span><\/p>\n<p><span style=\"color: #000000;\">La Red de Salud Norte, como ya se mencion\u00f3 anteriormente est\u00e1 conformada por 6 municipios: <strong>CARACOLLO, EUCALIPTUS, CURAHUARA DE CARANGAS, SORACACHI, HUAYLLAMARCA Y TOTORA.<\/strong><\/span><\/p>\n<p><span style=\"color: #000000;\">La Coordinaci\u00f3n de salud Norte est\u00e1 conformada por establecimientos del sector p\u00fablico y uno del seguro de salud a corto plazo. La red debe tomar en cuenta solo dos niveles de atenci\u00f3n de tal manera que cada establecimiento tenga un centro de referencia a nivel de cabecera de municipio, a nivel de la Red el Centro de Referencia es el Hospital de San Andr\u00e9s de Caracollo en v\u00edas de implementaci\u00f3n como hospital de segundo nivel.<\/span><\/p>\t\t\t\t\t\t\t\t<\/div>\n\t\t\t\t<\/div>\n\t\t\t\t\t<\/div>\n\t\t\t\t<\/div>\n\t\t<div class=\"elementor-element elementor-element-ff0575c e-flex e-con-boxed e-con e-parent\" data-id=\"ff0575c\" data-element_type=\"container\">\n\t\t\t\t\t<div class=\"e-con-inner\">\n\t\t\t\t<div class=\"elementor-element elementor-element-b55af33 elementor-widget elementor-widget-button\" data-id=\"b55af33\" data-element_type=\"widget\" data-widget_type=\"button.default\">\n\t\t\t\t<div class=\"elementor-widget-container\">\n\t\t\t\t\t\t\t\t\t<div class=\"elementor-button-wrapper\">\n\t\t\t\t\t<a class=\"elementor-button elementor-button-link elementor-size-sm\" href=\"https:\/\/www.sedesoruro.gob.bo\/index.php\/coorddptalredes\/\">\n\t\t\t\t\t\t<span class=\"elementor-button-content-wrapper\">\n\t\t\t\t\t\t\t\t\t<span class=\"elementor-button-text\">Volver a Redes de Salud<\/span>\n\t\t\t\t\t<\/span>\n\t\t\t\t\t<\/a>\n\t\t\t\t<\/div>\n\t\t\t\t\t\t\t\t<\/div>\n\t\t\t\t<\/div>\n\t\t\t\t\t<\/div>\n\t\t\t\t<\/div>\n\t\t\t\t<\/div>\n\t\t","protected":false},"excerpt":{"rendered":"<p>La\u00a0 Coordinaci\u00f3n de Salud Norte est\u00e1 situado al norte de la capital Oruro, conformado por los municipios de: Caracollo, conocida a nivel nacional e internacional por\u00a0 ser un punto de integraci\u00f3n agropecuario, comercial, municipio&#46;&#46;&#46;<\/p>\n","protected":false},"author":1,"featured_media":0,"parent":0,"menu_order":0,"comment_status":"closed","ping_status":"closed","template":"","meta":{"_cbd_carousel_blocks":"[]","footnotes":""},"class_list":["post-1983","page","type-page","status-publish","hentry"],"yoast_head":"<!-- This site is optimized with the Yoast SEO plugin v23.1 - https:\/\/yoast.com\/wordpress\/plugins\/seo\/ -->\n<title>Coordinaci\u00f3n de Red de Salud Norte - %<\/title>\n<meta name=\"robots\" content=\"index, follow, max-snippet:-1, max-image-preview:large, max-video-preview:-1\" \/>\n<link rel=\"canonical\" href=\"https:\/\/www.sedesoruro.gob.bo\/index.php\/coordinacion-de-red-de-salud-norte\/\" \/>\n<meta property=\"og:locale\" content=\"es_ES\" \/>\n<meta property=\"og:type\" content=\"article\" \/>\n<meta property=\"og:title\" content=\"Coordinaci\u00f3n de Red de Salud Norte - %\" \/>\n<meta property=\"og:description\" content=\"La\u00a0 Coordinaci\u00f3n de Salud Norte est\u00e1 situado al norte de la capital Oruro, conformado por los municipios de: Caracollo, conocida a nivel nacional e internacional por\u00a0 ser un punto de integraci\u00f3n agropecuario, comercial, municipio&#046;&#046;&#046;\" \/>\n<meta property=\"og:url\" content=\"https:\/\/www.sedesoruro.gob.bo\/index.php\/coordinacion-de-red-de-salud-norte\/\" \/>\n<meta property=\"og:site_name\" content=\"SERVICIO DEPARTAMENTAL DE SALUD - ORURO\" \/>\n<meta property=\"article:publisher\" content=\"https:\/\/www.facebook.com\/SEDESOR\" \/>\n<meta property=\"article:modified_time\" content=\"2024-08-19T18:34:16+00:00\" \/>\n<meta property=\"og:image\" content=\"https:\/\/www.sedesoruro.gob.bo\/wp-content\/uploads\/2024\/08\/image-2.png\" \/>\n<meta name=\"twitter:card\" content=\"summary_large_image\" \/>\n<meta name=\"twitter:label1\" content=\"Tiempo de lectura\" \/>\n\t<meta name=\"twitter:data1\" content=\"2 minutos\" \/>\n<script type=\"application\/ld+json\" class=\"yoast-schema-graph\">{\"@context\":\"https:\/\/schema.org\",\"@graph\":[{\"@type\":\"WebPage\",\"@id\":\"https:\/\/www.sedesoruro.gob.bo\/index.php\/coordinacion-de-red-de-salud-norte\/\",\"url\":\"https:\/\/www.sedesoruro.gob.bo\/index.php\/coordinacion-de-red-de-salud-norte\/\",\"name\":\"Coordinaci\u00f3n de Red de Salud Norte - %\",\"isPartOf\":{\"@id\":\"https:\/\/www.sedesoruro.gob.bo\/#website\"},\"primaryImageOfPage\":{\"@id\":\"https:\/\/www.sedesoruro.gob.bo\/index.php\/coordinacion-de-red-de-salud-norte\/#primaryimage\"},\"image\":{\"@id\":\"https:\/\/www.sedesoruro.gob.bo\/index.php\/coordinacion-de-red-de-salud-norte\/#primaryimage\"},\"thumbnailUrl\":\"https:\/\/www.sedesoruro.gob.bo\/wp-content\/uploads\/2024\/08\/image-2.png\",\"datePublished\":\"2024-08-19T17:54:02+00:00\",\"dateModified\":\"2024-08-19T18:34:16+00:00\",\"breadcrumb\":{\"@id\":\"https:\/\/www.sedesoruro.gob.bo\/index.php\/coordinacion-de-red-de-salud-norte\/#breadcrumb\"},\"inLanguage\":\"es\",\"potentialAction\":[{\"@type\":\"ReadAction\",\"target\":[\"https:\/\/www.sedesoruro.gob.bo\/index.php\/coordinacion-de-red-de-salud-norte\/\"]}]},{\"@type\":\"ImageObject\",\"inLanguage\":\"es\",\"@id\":\"https:\/\/www.sedesoruro.gob.bo\/index.php\/coordinacion-de-red-de-salud-norte\/#primaryimage\",\"url\":\"https:\/\/www.sedesoruro.gob.bo\/wp-content\/uploads\/2024\/08\/image-2.png\",\"contentUrl\":\"https:\/\/www.sedesoruro.gob.bo\/wp-content\/uploads\/2024\/08\/image-2.png\",\"width\":812,\"height\":382},{\"@type\":\"BreadcrumbList\",\"@id\":\"https:\/\/www.sedesoruro.gob.bo\/index.php\/coordinacion-de-red-de-salud-norte\/#breadcrumb\",\"itemListElement\":[{\"@type\":\"ListItem\",\"position\":1,\"name\":\"Portada\",\"item\":\"https:\/\/www.sedesoruro.gob.bo\/\"},{\"@type\":\"ListItem\",\"position\":2,\"name\":\"Coordinaci\u00f3n de Red de Salud Norte\"}]},{\"@type\":\"WebSite\",\"@id\":\"https:\/\/www.sedesoruro.gob.bo\/#website\",\"url\":\"https:\/\/www.sedesoruro.gob.bo\/\",\"name\":\"sedesoruro.gob.bo\",\"description\":\"SERVICIO DEPARTAMENTAL DE SALUD - ORURO\",\"publisher\":{\"@id\":\"https:\/\/www.sedesoruro.gob.bo\/#organization\"},\"alternateName\":\"Servicio Departamental de Salud - Oruro\",\"potentialAction\":[{\"@type\":\"SearchAction\",\"target\":{\"@type\":\"EntryPoint\",\"urlTemplate\":\"https:\/\/www.sedesoruro.gob.bo\/?s={search_term_string}\"},\"query-input\":\"required name=search_term_string\"}],\"inLanguage\":\"es\"},{\"@type\":\"Organization\",\"@id\":\"https:\/\/www.sedesoruro.gob.bo\/#organization\",\"name\":\"Servicio Departamental de Salud - Oruro\",\"alternateName\":\"SEDES ORURO\",\"url\":\"https:\/\/www.sedesoruro.gob.bo\/\",\"logo\":{\"@type\":\"ImageObject\",\"inLanguage\":\"es\",\"@id\":\"https:\/\/www.sedesoruro.gob.bo\/#\/schema\/logo\/image\/\",\"url\":\"https:\/\/www.sedesoruro.gob.bo\/wp-content\/uploads\/2024\/08\/LOGO-SEDES.jpg\",\"contentUrl\":\"https:\/\/www.sedesoruro.gob.bo\/wp-content\/uploads\/2024\/08\/LOGO-SEDES.jpg\",\"width\":226,\"height\":223,\"caption\":\"Servicio Departamental de Salud - Oruro\"},\"image\":{\"@id\":\"https:\/\/www.sedesoruro.gob.bo\/#\/schema\/logo\/image\/\"},\"sameAs\":[\"https:\/\/www.facebook.com\/SEDESOR\"]}]}<\/script>\n<!-- \/ Yoast SEO plugin. -->","yoast_head_json":{"title":"Coordinaci\u00f3n de Red de Salud Norte - %","robots":{"index":"index","follow":"follow","max-snippet":"max-snippet:-1","max-image-preview":"max-image-preview:large","max-video-preview":"max-video-preview:-1"},"canonical":"https:\/\/www.sedesoruro.gob.bo\/index.php\/coordinacion-de-red-de-salud-norte\/","og_locale":"es_ES","og_type":"article","og_title":"Coordinaci\u00f3n de Red de Salud Norte - %","og_description":"La\u00a0 Coordinaci\u00f3n de Salud Norte est\u00e1 situado al norte de la capital Oruro, conformado por los municipios de: Caracollo, conocida a nivel nacional e internacional por\u00a0 ser un punto de integraci\u00f3n agropecuario, comercial, municipio&#46;&#46;&#46;","og_url":"https:\/\/www.sedesoruro.gob.bo\/index.php\/coordinacion-de-red-de-salud-norte\/","og_site_name":"SERVICIO DEPARTAMENTAL DE SALUD - ORURO","article_publisher":"https:\/\/www.facebook.com\/SEDESOR","article_modified_time":"2024-08-19T18:34:16+00:00","og_image":[{"url":"https:\/\/www.sedesoruro.gob.bo\/wp-content\/uploads\/2024\/08\/image-2.png"}],"twitter_card":"summary_large_image","twitter_misc":{"Tiempo de lectura":"2 minutos"},"schema":{"@context":"https:\/\/schema.org","@graph":[{"@type":"WebPage","@id":"https:\/\/www.sedesoruro.gob.bo\/index.php\/coordinacion-de-red-de-salud-norte\/","url":"https:\/\/www.sedesoruro.gob.bo\/index.php\/coordinacion-de-red-de-salud-norte\/","name":"Coordinaci\u00f3n de Red de Salud Norte - %","isPartOf":{"@id":"https:\/\/www.sedesoruro.gob.bo\/#website"},"primaryImageOfPage":{"@id":"https:\/\/www.sedesoruro.gob.bo\/index.php\/coordinacion-de-red-de-salud-norte\/#primaryimage"},"image":{"@id":"https:\/\/www.sedesoruro.gob.bo\/index.php\/coordinacion-de-red-de-salud-norte\/#primaryimage"},"thumbnailUrl":"https:\/\/www.sedesoruro.gob.bo\/wp-content\/uploads\/2024\/08\/image-2.png","datePublished":"2024-08-19T17:54:02+00:00","dateModified":"2024-08-19T18:34:16+00:00","breadcrumb":{"@id":"https:\/\/www.sedesoruro.gob.bo\/index.php\/coordinacion-de-red-de-salud-norte\/#breadcrumb"},"inLanguage":"es","potentialAction":[{"@type":"ReadAction","target":["https:\/\/www.sedesoruro.gob.bo\/index.php\/coordinacion-de-red-de-salud-norte\/"]}]},{"@type":"ImageObject","inLanguage":"es","@id":"https:\/\/www.sedesoruro.gob.bo\/index.php\/coordinacion-de-red-de-salud-norte\/#primaryimage","url":"https:\/\/www.sedesoruro.gob.bo\/wp-content\/uploads\/2024\/08\/image-2.png","contentUrl":"https:\/\/www.sedesoruro.gob.bo\/wp-content\/uploads\/2024\/08\/image-2.png","width":812,"height":382},{"@type":"BreadcrumbList","@id":"https:\/\/www.sedesoruro.gob.bo\/index.php\/coordinacion-de-red-de-salud-norte\/#breadcrumb","itemListElement":[{"@type":"ListItem","position":1,"name":"Portada","item":"https:\/\/www.sedesoruro.gob.bo\/"},{"@type":"ListItem","position":2,"name":"Coordinaci\u00f3n de Red de Salud Norte"}]},{"@type":"WebSite","@id":"https:\/\/www.sedesoruro.gob.bo\/#website","url":"https:\/\/www.sedesoruro.gob.bo\/","name":"sedesoruro.gob.bo","description":"SERVICIO DEPARTAMENTAL DE SALUD - ORURO","publisher":{"@id":"https:\/\/www.sedesoruro.gob.bo\/#organization"},"alternateName":"Servicio Departamental de Salud - Oruro","potentialAction":[{"@type":"SearchAction","target":{"@type":"EntryPoint","urlTemplate":"https:\/\/www.sedesoruro.gob.bo\/?s={search_term_string}"},"query-input":"required name=search_term_string"}],"inLanguage":"es"},{"@type":"Organization","@id":"https:\/\/www.sedesoruro.gob.bo\/#organization","name":"Servicio Departamental de Salud - Oruro","alternateName":"SEDES ORURO","url":"https:\/\/www.sedesoruro.gob.bo\/","logo":{"@type":"ImageObject","inLanguage":"es","@id":"https:\/\/www.sedesoruro.gob.bo\/#\/schema\/logo\/image\/","url":"https:\/\/www.sedesoruro.gob.bo\/wp-content\/uploads\/2024\/08\/LOGO-SEDES.jpg","contentUrl":"https:\/\/www.sedesoruro.gob.bo\/wp-content\/uploads\/2024\/08\/LOGO-SEDES.jpg","width":226,"height":223,"caption":"Servicio Departamental de Salud - Oruro"},"image":{"@id":"https:\/\/www.sedesoruro.gob.bo\/#\/schema\/logo\/image\/"},"sameAs":["https:\/\/www.facebook.com\/SEDESOR"]}]}},"_links":{"self":[{"href":"https:\/\/www.sedesoruro.gob.bo\/index.php\/wp-json\/wp\/v2\/pages\/1983","targetHints":{"allow":["GET"]}}],"collection":[{"href":"https:\/\/www.sedesoruro.gob.bo\/index.php\/wp-json\/wp\/v2\/pages"}],"about":[{"href":"https:\/\/www.sedesoruro.gob.bo\/index.php\/wp-json\/wp\/v2\/types\/page"}],"author":[{"embeddable":true,"href":"https:\/\/www.sedesoruro.gob.bo\/index.php\/wp-json\/wp\/v2\/users\/1"}],"replies":[{"embeddable":true,"href":"https:\/\/www.sedesoruro.gob.bo\/index.php\/wp-json\/wp\/v2\/comments?post=1983"}],"version-history":[{"count":8,"href":"https:\/\/www.sedesoruro.gob.bo\/index.php\/wp-json\/wp\/v2\/pages\/1983\/revisions"}],"predecessor-version":[{"id":2018,"href":"https:\/\/www.sedesoruro.gob.bo\/index.php\/wp-json\/wp\/v2\/pages\/1983\/revisions\/2018"}],"wp:attachment":[{"href":"https:\/\/www.sedesoruro.gob.bo\/index.php\/wp-json\/wp\/v2\/media?parent=1983"}],"curies":[{"name":"wp","href":"https:\/\/api.w.org\/{rel}","templated":true}]}}