{"id":2280,"date":"2024-09-05T12:34:21","date_gmt":"2024-09-05T16:34:21","guid":{"rendered":"https:\/\/www.sedesoruro.gob.bo\/?page_id=2280"},"modified":"2025-11-27T09:23:53","modified_gmt":"2025-11-27T13:23:53","slug":"rendicion-de-cuentas","status":"publish","type":"page","link":"https:\/\/www.sedesoruro.gob.bo\/index.php\/rendicion-de-cuentas\/","title":{"rendered":"Rendici\u00f3n de Cuentas"},"content":{"rendered":"\t\t<div data-elementor-type=\"wp-page\" data-elementor-id=\"2280\" class=\"elementor elementor-2280\">\n\t\t\t\t<div class=\"elementor-element elementor-element-09e0cad e-flex e-con-boxed e-con e-parent\" data-id=\"09e0cad\" data-element_type=\"container\">\n\t\t\t\t\t<div class=\"e-con-inner\">\n\t\t<div class=\"elementor-element elementor-element-9b8da12 e-con-full animated-slow e-flex elementor-invisible e-con e-child\" data-id=\"9b8da12\" data-element_type=\"container\" data-settings=\"{&quot;background_background&quot;:&quot;classic&quot;,&quot;animation&quot;:&quot;fadeInRight&quot;}\">\n\t\t\t\t<div class=\"elementor-element elementor-element-e0ca16f animated-slow elementor-invisible elementor-widget elementor-widget-heading\" data-id=\"e0ca16f\" data-element_type=\"widget\" data-settings=\"{&quot;_animation&quot;:&quot;fadeInDown&quot;}\" data-widget_type=\"heading.default\">\n\t\t\t\t<div class=\"elementor-widget-container\">\n\t\t\t\t\t<h2 class=\"elementor-heading-title elementor-size-default\">Rendici\u00f3n de Cuentas Gesti\u00f3n 2024<\/h2>\t\t\t\t<\/div>\n\t\t\t\t<\/div>\n\t\t\t\t<\/div>\n\t\t\t\t\t<\/div>\n\t\t\t\t<\/div>\n\t\t<div class=\"elementor-element elementor-element-e776489 e-flex e-con-boxed e-con e-parent\" data-id=\"e776489\" data-element_type=\"container\">\n\t\t\t\t\t<div class=\"e-con-inner\">\n\t\t<div class=\"elementor-element elementor-element-db549bd e-con-full e-flex e-con e-child\" data-id=\"db549bd\" data-element_type=\"container\">\n\t\t\t\t<div class=\"elementor-element elementor-element-768fd93 elementor-widget elementor-widget-html\" data-id=\"768fd93\" data-element_type=\"widget\" data-widget_type=\"html.default\">\n\t\t\t\t<div class=\"elementor-widget-container\">\n\t\t\t\t\t<iframe src=\"https:\/\/drive.google.com\/file\/d\/1Efy46QuEIqus8mZbD88wk25gejaMfFZ-\/preview\" width=\"600\" height=\"400\"><\/iframe>\t\t\t\t<\/div>\n\t\t\t\t<\/div>\n\t\t\t\t<div class=\"elementor-element elementor-element-5c68cba elementor-widget-divider--view-line_icon animated-slow elementor-view-default elementor-widget-divider--element-align-center elementor-invisible elementor-widget elementor-widget-divider\" data-id=\"5c68cba\" data-element_type=\"widget\" data-settings=\"{&quot;_animation&quot;:&quot;fadeInLeft&quot;}\" data-widget_type=\"divider.default\">\n\t\t\t\t<div class=\"elementor-widget-container\">\n\t\t\t\t\t\t\t<div class=\"elementor-divider\">\n\t\t\t<span class=\"elementor-divider-separator\">\n\t\t\t\t\t\t\t<div class=\"elementor-icon elementor-divider__element\">\n\t\t\t\t\t<svg aria-hidden=\"true\" class=\"e-font-icon-svg e-fas-ellipsis-h\" viewBox=\"0 0 512 512\" xmlns=\"http:\/\/www.w3.org\/2000\/svg\"><path d=\"M328 256c0 39.8-32.2 72-72 72s-72-32.2-72-72 32.2-72 72-72 72 32.2 72 72zm104-72c-39.8 0-72 32.2-72 72s32.2 72 72 72 72-32.2 72-72-32.2-72-72-72zm-352 0c-39.8 0-72 32.2-72 72s32.2 72 72 72 72-32.2 72-72-32.2-72-72-72z\"><\/path><\/svg><\/div>\n\t\t\t\t\t\t<\/span>\n\t\t<\/div>\n\t\t\t\t\t\t<\/div>\n\t\t\t\t<\/div>\n\t\t\t\t<\/div>\n\t\t\t\t\t<\/div>\n\t\t\t\t<\/div>\n\t\t<div class=\"elementor-element elementor-element-9ea60a0 e-flex e-con-boxed e-con e-parent\" data-id=\"9ea60a0\" data-element_type=\"container\">\n\t\t\t\t\t<div class=\"e-con-inner\">\n\t\t<div class=\"elementor-element elementor-element-38f4d1e e-con-full e-flex e-con e-child\" data-id=\"38f4d1e\" data-element_type=\"container\">\n\t\t<div class=\"elementor-element elementor-element-0e6dcec e-con-full animated-slow e-flex elementor-invisible e-con e-child\" data-id=\"0e6dcec\" data-element_type=\"container\" data-settings=\"{&quot;background_background&quot;:&quot;classic&quot;,&quot;animation&quot;:&quot;fadeInRight&quot;}\">\n\t\t\t\t<div class=\"elementor-element elementor-element-c451b1e animated-slow elementor-invisible elementor-widget elementor-widget-heading\" data-id=\"c451b1e\" data-element_type=\"widget\" data-settings=\"{&quot;_animation&quot;:&quot;fadeInDown&quot;}\" data-widget_type=\"heading.default\">\n\t\t\t\t<div class=\"elementor-widget-container\">\n\t\t\t\t\t<h2 class=\"elementor-heading-title elementor-size-default\">Rendici\u00f3n de Cuentas Gesti\u00f3n 2023<\/h2>\t\t\t\t<\/div>\n\t\t\t\t<\/div>\n\t\t\t\t<\/div>\n\t\t\t\t<\/div>\n\t\t\t\t\t<\/div>\n\t\t\t\t<\/div>\n\t\t<div class=\"elementor-element elementor-element-9e88844 e-flex e-con-boxed e-con e-parent\" data-id=\"9e88844\" data-element_type=\"container\">\n\t\t\t\t\t<div class=\"e-con-inner\">\n\t\t\t\t<div class=\"elementor-element elementor-element-6cb181a elementor-widget elementor-widget-html\" data-id=\"6cb181a\" data-element_type=\"widget\" data-widget_type=\"html.default\">\n\t\t\t\t<div class=\"elementor-widget-container\">\n\t\t\t\t\t<iframe src=\"https:\/\/drive.google.com\/file\/d\/1_3Ogg40azZ3oQnj7xdkeoVH-W5L24hSc\/preview\" width=\"600\" height=\"400\"><\/iframe>\t\t\t\t<\/div>\n\t\t\t\t<\/div>\n\t\t\t\t\t<\/div>\n\t\t\t\t<\/div>\n\t\t\t\t<\/div>\n\t\t","protected":false},"excerpt":{"rendered":"<p>Rendici\u00f3n de Cuentas Gesti\u00f3n 2024 Rendici\u00f3n de Cuentas Gesti\u00f3n 2023<\/p>\n","protected":false},"author":1,"featured_media":0,"parent":0,"menu_order":0,"comment_status":"closed","ping_status":"closed","template":"","meta":{"_cbd_carousel_blocks":"[]","footnotes":""},"class_list":["post-2280","page","type-page","status-publish","hentry"],"yoast_head":"<!-- This site is optimized with the Yoast SEO plugin v23.1 - https:\/\/yoast.com\/wordpress\/plugins\/seo\/ -->\n<title>Rendici\u00f3n de Cuentas<\/title>\n<meta name=\"robots\" content=\"index, follow, max-snippet:-1, max-image-preview:large, max-video-preview:-1\" \/>\n<link rel=\"canonical\" href=\"https:\/\/www.sedesoruro.gob.bo\/index.php\/rendicion-de-cuentas\/\" \/>\n<meta property=\"og:locale\" content=\"es_ES\" \/>\n<meta property=\"og:type\" content=\"article\" \/>\n<meta property=\"og:title\" content=\"Rendici\u00f3n de Cuentas\" \/>\n<meta property=\"og:description\" content=\"Rendici\u00f3n de Cuentas Gesti\u00f3n 2024 Rendici\u00f3n de Cuentas Gesti\u00f3n 2023\" \/>\n<meta property=\"og:url\" content=\"https:\/\/www.sedesoruro.gob.bo\/index.php\/rendicion-de-cuentas\/\" \/>\n<meta property=\"og:site_name\" content=\"SERVICIO DEPARTAMENTAL DE SALUD - ORURO\" \/>\n<meta property=\"article:publisher\" content=\"https:\/\/www.facebook.com\/SEDESOR\" \/>\n<meta property=\"article:modified_time\" content=\"2025-11-27T13:23:53+00:00\" \/>\n<meta property=\"og:image\" content=\"https:\/\/www.sedesoruro.gob.bo\/wp-content\/uploads\/2024\/06\/IM.jpg\" \/>\n\t<meta property=\"og:image:width\" content=\"700\" \/>\n\t<meta property=\"og:image:height\" content=\"681\" \/>\n\t<meta property=\"og:image:type\" content=\"image\/jpeg\" \/>\n<meta name=\"twitter:card\" content=\"summary_large_image\" \/>\n<meta name=\"twitter:label1\" content=\"Tiempo de lectura\" \/>\n\t<meta name=\"twitter:data1\" content=\"1 minuto\" \/>\n<script type=\"application\/ld+json\" class=\"yoast-schema-graph\">{\"@context\":\"https:\/\/schema.org\",\"@graph\":[{\"@type\":\"WebPage\",\"@id\":\"https:\/\/www.sedesoruro.gob.bo\/index.php\/rendicion-de-cuentas\/\",\"url\":\"https:\/\/www.sedesoruro.gob.bo\/index.php\/rendicion-de-cuentas\/\",\"name\":\"Rendici\u00f3n de Cuentas\",\"isPartOf\":{\"@id\":\"https:\/\/www.sedesoruro.gob.bo\/#website\"},\"datePublished\":\"2024-09-05T16:34:21+00:00\",\"dateModified\":\"2025-11-27T13:23:53+00:00\",\"breadcrumb\":{\"@id\":\"https:\/\/www.sedesoruro.gob.bo\/index.php\/rendicion-de-cuentas\/#breadcrumb\"},\"inLanguage\":\"es\",\"potentialAction\":[{\"@type\":\"ReadAction\",\"target\":[\"https:\/\/www.sedesoruro.gob.bo\/index.php\/rendicion-de-cuentas\/\"]}]},{\"@type\":\"BreadcrumbList\",\"@id\":\"https:\/\/www.sedesoruro.gob.bo\/index.php\/rendicion-de-cuentas\/#breadcrumb\",\"itemListElement\":[{\"@type\":\"ListItem\",\"position\":1,\"name\":\"Portada\",\"item\":\"https:\/\/www.sedesoruro.gob.bo\/\"},{\"@type\":\"ListItem\",\"position\":2,\"name\":\"Rendici\u00f3n de Cuentas\"}]},{\"@type\":\"WebSite\",\"@id\":\"https:\/\/www.sedesoruro.gob.bo\/#website\",\"url\":\"https:\/\/www.sedesoruro.gob.bo\/\",\"name\":\"sedesoruro.gob.bo\",\"description\":\"SERVICIO DEPARTAMENTAL DE SALUD - ORURO\",\"publisher\":{\"@id\":\"https:\/\/www.sedesoruro.gob.bo\/#organization\"},\"alternateName\":\"Servicio Departamental de Salud - Oruro\",\"potentialAction\":[{\"@type\":\"SearchAction\",\"target\":{\"@type\":\"EntryPoint\",\"urlTemplate\":\"https:\/\/www.sedesoruro.gob.bo\/?s={search_term_string}\"},\"query-input\":\"required name=search_term_string\"}],\"inLanguage\":\"es\"},{\"@type\":\"Organization\",\"@id\":\"https:\/\/www.sedesoruro.gob.bo\/#organization\",\"name\":\"Servicio Departamental de Salud - Oruro\",\"alternateName\":\"SEDES ORURO\",\"url\":\"https:\/\/www.sedesoruro.gob.bo\/\",\"logo\":{\"@type\":\"ImageObject\",\"inLanguage\":\"es\",\"@id\":\"https:\/\/www.sedesoruro.gob.bo\/#\/schema\/logo\/image\/\",\"url\":\"https:\/\/www.sedesoruro.gob.bo\/wp-content\/uploads\/2024\/08\/LOGO-SEDES.jpg\",\"contentUrl\":\"https:\/\/www.sedesoruro.gob.bo\/wp-content\/uploads\/2024\/08\/LOGO-SEDES.jpg\",\"width\":226,\"height\":223,\"caption\":\"Servicio Departamental de Salud - Oruro\"},\"image\":{\"@id\":\"https:\/\/www.sedesoruro.gob.bo\/#\/schema\/logo\/image\/\"},\"sameAs\":[\"https:\/\/www.facebook.com\/SEDESOR\"]}]}<\/script>\n<!-- \/ Yoast SEO plugin. -->","yoast_head_json":{"title":"Rendici\u00f3n de Cuentas","robots":{"index":"index","follow":"follow","max-snippet":"max-snippet:-1","max-image-preview":"max-image-preview:large","max-video-preview":"max-video-preview:-1"},"canonical":"https:\/\/www.sedesoruro.gob.bo\/index.php\/rendicion-de-cuentas\/","og_locale":"es_ES","og_type":"article","og_title":"Rendici\u00f3n de Cuentas","og_description":"Rendici\u00f3n de Cuentas Gesti\u00f3n 2024 Rendici\u00f3n de Cuentas Gesti\u00f3n 2023","og_url":"https:\/\/www.sedesoruro.gob.bo\/index.php\/rendicion-de-cuentas\/","og_site_name":"SERVICIO DEPARTAMENTAL DE SALUD - ORURO","article_publisher":"https:\/\/www.facebook.com\/SEDESOR","article_modified_time":"2025-11-27T13:23:53+00:00","og_image":[{"width":700,"height":681,"url":"https:\/\/www.sedesoruro.gob.bo\/wp-content\/uploads\/2024\/06\/IM.jpg","type":"image\/jpeg"}],"twitter_card":"summary_large_image","twitter_misc":{"Tiempo de lectura":"1 minuto"},"schema":{"@context":"https:\/\/schema.org","@graph":[{"@type":"WebPage","@id":"https:\/\/www.sedesoruro.gob.bo\/index.php\/rendicion-de-cuentas\/","url":"https:\/\/www.sedesoruro.gob.bo\/index.php\/rendicion-de-cuentas\/","name":"Rendici\u00f3n de Cuentas","isPartOf":{"@id":"https:\/\/www.sedesoruro.gob.bo\/#website"},"datePublished":"2024-09-05T16:34:21+00:00","dateModified":"2025-11-27T13:23:53+00:00","breadcrumb":{"@id":"https:\/\/www.sedesoruro.gob.bo\/index.php\/rendicion-de-cuentas\/#breadcrumb"},"inLanguage":"es","potentialAction":[{"@type":"ReadAction","target":["https:\/\/www.sedesoruro.gob.bo\/index.php\/rendicion-de-cuentas\/"]}]},{"@type":"BreadcrumbList","@id":"https:\/\/www.sedesoruro.gob.bo\/index.php\/rendicion-de-cuentas\/#breadcrumb","itemListElement":[{"@type":"ListItem","position":1,"name":"Portada","item":"https:\/\/www.sedesoruro.gob.bo\/"},{"@type":"ListItem","position":2,"name":"Rendici\u00f3n de Cuentas"}]},{"@type":"WebSite","@id":"https:\/\/www.sedesoruro.gob.bo\/#website","url":"https:\/\/www.sedesoruro.gob.bo\/","name":"sedesoruro.gob.bo","description":"SERVICIO DEPARTAMENTAL DE SALUD - ORURO","publisher":{"@id":"https:\/\/www.sedesoruro.gob.bo\/#organization"},"alternateName":"Servicio Departamental de Salud - Oruro","potentialAction":[{"@type":"SearchAction","target":{"@type":"EntryPoint","urlTemplate":"https:\/\/www.sedesoruro.gob.bo\/?s={search_term_string}"},"query-input":"required name=search_term_string"}],"inLanguage":"es"},{"@type":"Organization","@id":"https:\/\/www.sedesoruro.gob.bo\/#organization","name":"Servicio Departamental de Salud - Oruro","alternateName":"SEDES ORURO","url":"https:\/\/www.sedesoruro.gob.bo\/","logo":{"@type":"ImageObject","inLanguage":"es","@id":"https:\/\/www.sedesoruro.gob.bo\/#\/schema\/logo\/image\/","url":"https:\/\/www.sedesoruro.gob.bo\/wp-content\/uploads\/2024\/08\/LOGO-SEDES.jpg","contentUrl":"https:\/\/www.sedesoruro.gob.bo\/wp-content\/uploads\/2024\/08\/LOGO-SEDES.jpg","width":226,"height":223,"caption":"Servicio Departamental de Salud - Oruro"},"image":{"@id":"https:\/\/www.sedesoruro.gob.bo\/#\/schema\/logo\/image\/"},"sameAs":["https:\/\/www.facebook.com\/SEDESOR"]}]}},"_links":{"self":[{"href":"https:\/\/www.sedesoruro.gob.bo\/index.php\/wp-json\/wp\/v2\/pages\/2280","targetHints":{"allow":["GET"]}}],"collection":[{"href":"https:\/\/www.sedesoruro.gob.bo\/index.php\/wp-json\/wp\/v2\/pages"}],"about":[{"href":"https:\/\/www.sedesoruro.gob.bo\/index.php\/wp-json\/wp\/v2\/types\/page"}],"author":[{"embeddable":true,"href":"https:\/\/www.sedesoruro.gob.bo\/index.php\/wp-json\/wp\/v2\/users\/1"}],"replies":[{"embeddable":true,"href":"https:\/\/www.sedesoruro.gob.bo\/index.php\/wp-json\/wp\/v2\/comments?post=2280"}],"version-history":[{"count":55,"href":"https:\/\/www.sedesoruro.gob.bo\/index.php\/wp-json\/wp\/v2\/pages\/2280\/revisions"}],"predecessor-version":[{"id":4987,"href":"https:\/\/www.sedesoruro.gob.bo\/index.php\/wp-json\/wp\/v2\/pages\/2280\/revisions\/4987"}],"wp:attachment":[{"href":"https:\/\/www.sedesoruro.gob.bo\/index.php\/wp-json\/wp\/v2\/media?parent=2280"}],"curies":[{"name":"wp","href":"https:\/\/api.w.org\/{rel}","templated":true}]}}