{"id":590,"date":"2024-07-09T12:55:08","date_gmt":"2024-07-09T16:55:08","guid":{"rendered":"https:\/\/www.sedesoruro.gob.bo\/?page_id=590"},"modified":"2024-07-10T15:11:12","modified_gmt":"2024-07-10T19:11:12","slug":"trabajosocial","status":"publish","type":"page","link":"https:\/\/www.sedesoruro.gob.bo\/index.php\/trabajosocial\/","title":{"rendered":"Trabajo Social"},"content":{"rendered":"\t\t<div data-elementor-type=\"wp-page\" data-elementor-id=\"590\" class=\"elementor elementor-590\">\n\t\t\t\t<div class=\"elementor-element elementor-element-548d331 e-flex e-con-boxed e-con e-parent\" data-id=\"548d331\" data-element_type=\"container\">\n\t\t\t\t\t<div class=\"e-con-inner\">\n\t\t\t\t<div class=\"elementor-element elementor-element-fc12c73 elementor-arrows-position-inside elementor-pagination-position-outside elementor-widget elementor-widget-image-carousel\" data-id=\"fc12c73\" data-element_type=\"widget\" data-settings=\"{&quot;navigation&quot;:&quot;both&quot;,&quot;autoplay&quot;:&quot;yes&quot;,&quot;pause_on_hover&quot;:&quot;yes&quot;,&quot;pause_on_interaction&quot;:&quot;yes&quot;,&quot;autoplay_speed&quot;:5000,&quot;infinite&quot;:&quot;yes&quot;,&quot;speed&quot;:500}\" data-widget_type=\"image-carousel.default\">\n\t\t\t\t<div class=\"elementor-widget-container\">\n\t\t\t\t\t\t\t<div class=\"elementor-image-carousel-wrapper swiper\" role=\"region\" aria-roledescription=\"carousel\" aria-label=\"Carrusel de im\u00e1genes\" dir=\"ltr\">\n\t\t\t<div class=\"elementor-image-carousel swiper-wrapper\" aria-live=\"off\">\n\t\t\t\t\t\t\t\t<div class=\"swiper-slide\" role=\"group\" aria-roledescription=\"slide\" aria-label=\"1 de 9\"><figure class=\"swiper-slide-inner\"><img decoding=\"async\" class=\"swiper-slide-image\" src=\"https:\/\/www.sedesoruro.gob.bo\/wp-content\/uploads\/slider3\/9-300x225.jpeg\" alt=\"REUNION DE COORDINACION DNA HUANUNI\" \/><\/figure><\/div><div class=\"swiper-slide\" role=\"group\" aria-roledescription=\"slide\" aria-label=\"2 de 9\"><figure class=\"swiper-slide-inner\"><img decoding=\"async\" class=\"swiper-slide-image\" src=\"https:\/\/www.sedesoruro.gob.bo\/wp-content\/uploads\/slider3\/7-300x225.jpeg\" alt=\"SUPERVISI\u00d3N CAPACITANTE PROGRAMA DE VIOLENCIA EQUIPO NACIONAL\" \/><\/figure><\/div><div class=\"swiper-slide\" role=\"group\" aria-roledescription=\"slide\" aria-label=\"3 de 9\"><figure class=\"swiper-slide-inner\"><img decoding=\"async\" class=\"swiper-slide-image\" src=\"https:\/\/www.sedesoruro.gob.bo\/wp-content\/uploads\/slider3\/8-300x225.jpeg\" alt=\"REUNION DE COORDINACI\u00d3N CON DEFENSORIA DEL PUEBLO\" \/><\/figure><\/div><div class=\"swiper-slide\" role=\"group\" aria-roledescription=\"slide\" aria-label=\"4 de 9\"><figure class=\"swiper-slide-inner\"><img decoding=\"async\" class=\"swiper-slide-image\" src=\"https:\/\/www.sedesoruro.gob.bo\/wp-content\/uploads\/slider3\/3-300x225.jpeg\" alt=\"TALLERES DE ACTUALIZACI\u00d3N\" \/><\/figure><\/div><div class=\"swiper-slide\" role=\"group\" aria-roledescription=\"slide\" aria-label=\"5 de 9\"><figure class=\"swiper-slide-inner\"><img decoding=\"async\" class=\"swiper-slide-image\" src=\"https:\/\/www.sedesoruro.gob.bo\/wp-content\/uploads\/slider3\/2-300x225.jpeg\" alt=\"SUPERVISI\u00d3N CARNAVAL 2024\" \/><\/figure><\/div><div class=\"swiper-slide\" role=\"group\" aria-roledescription=\"slide\" aria-label=\"6 de 9\"><figure class=\"swiper-slide-inner\"><img decoding=\"async\" class=\"swiper-slide-image\" src=\"https:\/\/www.sedesoruro.gob.bo\/wp-content\/uploads\/slider3\/5-300x225.jpeg\" alt=\"TALLERES DE ACTUALIZACI\u00d3N\" \/><\/figure><\/div><div class=\"swiper-slide\" role=\"group\" aria-roledescription=\"slide\" aria-label=\"7 de 9\"><figure class=\"swiper-slide-inner\"><img decoding=\"async\" class=\"swiper-slide-image\" src=\"https:\/\/www.sedesoruro.gob.bo\/wp-content\/uploads\/slider3\/6-300x225.jpeg\" alt=\"SEGUIMIENTO DE REFERENCIAS - SERVICIO TRABAJO SOCIAL HUANUNI\" \/><\/figure><\/div><div class=\"swiper-slide\" role=\"group\" aria-roledescription=\"slide\" aria-label=\"8 de 9\"><figure class=\"swiper-slide-inner\"><img decoding=\"async\" class=\"swiper-slide-image\" src=\"https:\/\/www.sedesoruro.gob.bo\/wp-content\/uploads\/slider3\/1-300x225.jpeg\" alt=\"SUPERVISI\u00d3N CARNAVAL 2024\" \/><\/figure><\/div><div class=\"swiper-slide\" role=\"group\" aria-roledescription=\"slide\" aria-label=\"9 de 9\"><figure class=\"swiper-slide-inner\"><img decoding=\"async\" class=\"swiper-slide-image\" src=\"https:\/\/www.sedesoruro.gob.bo\/wp-content\/uploads\/slider3\/4-300x225.jpeg\" alt=\"TALLERES DE ACTUALIZACI\u00d3N\" \/><\/figure><\/div>\t\t\t<\/div>\n\t\t\t\t\t\t\t\t\t\t\t\t<div class=\"elementor-swiper-button elementor-swiper-button-prev\" role=\"button\" tabindex=\"0\">\n\t\t\t\t\t\t<svg aria-hidden=\"true\" class=\"e-font-icon-svg e-eicon-chevron-left\" viewBox=\"0 0 1000 1000\" xmlns=\"http:\/\/www.w3.org\/2000\/svg\"><path d=\"M646 125C629 125 613 133 604 142L308 442C296 454 292 471 292 487 292 504 296 521 308 533L604 854C617 867 629 875 646 875 663 875 679 871 692 858 704 846 713 829 713 812 713 796 708 779 692 767L438 487 692 225C700 217 708 204 708 187 708 171 704 154 692 142 675 129 663 125 646 125Z\"><\/path><\/svg>\t\t\t\t\t<\/div>\n\t\t\t\t\t<div class=\"elementor-swiper-button elementor-swiper-button-next\" role=\"button\" tabindex=\"0\">\n\t\t\t\t\t\t<svg aria-hidden=\"true\" class=\"e-font-icon-svg e-eicon-chevron-right\" viewBox=\"0 0 1000 1000\" xmlns=\"http:\/\/www.w3.org\/2000\/svg\"><path d=\"M696 533C708 521 713 504 713 487 713 471 708 454 696 446L400 146C388 133 375 125 354 125 338 125 325 129 313 142 300 154 292 171 292 187 292 204 296 221 308 233L563 492 304 771C292 783 288 800 288 817 288 833 296 850 308 863 321 871 338 875 354 875 371 875 388 867 400 854L696 533Z\"><\/path><\/svg>\t\t\t\t\t<\/div>\n\t\t\t\t\n\t\t\t\t\t\t\t\t\t<div class=\"swiper-pagination\"><\/div>\n\t\t\t\t\t\t\t\t\t<\/div>\n\t\t\t\t\t\t<\/div>\n\t\t\t\t<\/div>\n\t\t\t\t<div class=\"elementor-element elementor-element-74fd5f4 elementor-widget elementor-widget-heading\" data-id=\"74fd5f4\" data-element_type=\"widget\" data-widget_type=\"heading.default\">\n\t\t\t\t<div class=\"elementor-widget-container\">\n\t\t\t\t\t<h2 class=\"elementor-heading-title elementor-size-default\">\u00c1REA TRABAJO SOCIAL<\/h2>\t\t\t\t<\/div>\n\t\t\t\t<\/div>\n\t\t\t\t\t<\/div>\n\t\t\t\t<\/div>\n\t\t<div class=\"elementor-element elementor-element-90c6e03 e-flex e-con-boxed e-con e-parent\" data-id=\"90c6e03\" data-element_type=\"container\">\n\t\t\t\t\t<div class=\"e-con-inner\">\n\t\t\t\t<div class=\"elementor-element elementor-element-4c94296 elementor-widget elementor-widget-heading\" data-id=\"4c94296\" data-element_type=\"widget\" data-widget_type=\"heading.default\">\n\t\t\t\t<div class=\"elementor-widget-container\">\n\t\t\t\t\t<h4 class=\"elementor-heading-title elementor-size-default\">Objetivo<\/h4>\t\t\t\t<\/div>\n\t\t\t\t<\/div>\n\t\t\t\t<div class=\"elementor-element elementor-element-9c705b9 elementor-widget-divider--view-line elementor-widget elementor-widget-divider\" data-id=\"9c705b9\" data-element_type=\"widget\" data-widget_type=\"divider.default\">\n\t\t\t\t<div class=\"elementor-widget-container\">\n\t\t\t\t\t\t\t<div class=\"elementor-divider\">\n\t\t\t<span class=\"elementor-divider-separator\">\n\t\t\t\t\t\t<\/span>\n\t\t<\/div>\n\t\t\t\t\t\t<\/div>\n\t\t\t\t<\/div>\n\t\t\t\t<div class=\"elementor-element elementor-element-0d9d178 elementor-widget elementor-widget-text-editor\" data-id=\"0d9d178\" data-element_type=\"widget\" data-widget_type=\"text-editor.default\">\n\t\t\t\t<div class=\"elementor-widget-container\">\n\t\t\t\t\t\t\t\t\t<p><span style=\"color: #000000;\"><em>\u201cOptimizar la intervenci\u00f3n de Trabajo Social en los establecimientos de salud de acuerdo al nivel de trabajo y enmarcados en la implementaci\u00f3n del Sistema \u00danico de Salud para beneficiar a la poblaci\u00f3n del departamento de Oruro\u201d<\/em><\/span><\/p><p><span style=\"color: #000000;\"><em>\u201cOrientar, normar, unificar y controlar el procedimiento de la intervenci\u00f3n de Trabajo Social, en los establecimientos de salud de acuerdo al nivel de trabajo en cuanto a las actividades de orden t\u00e9cnico, metodol\u00f3gico e instrumental, en cumplimiento de sus funciones en las Modalidades de Atenci\u00f3n Individualizada y por Programas\u201d<\/em><\/span><\/p><p><span style=\"color: #000000;\"><em>\u00a0<\/em><em>\u201cContar con normativas que permitan a la Responsable de Trabajo Social cumplir su rol de supervisi\u00f3n, control y evaluaci\u00f3n de los procedimientos y resultados del desempe\u00f1o de las profesionales del sector p\u00fablico en salud\u00bb.<\/em><\/span><\/p>\t\t\t\t\t\t\t\t<\/div>\n\t\t\t\t<\/div>\n\t\t\t\t<div class=\"elementor-element elementor-element-76b9407 elementor-widget elementor-widget-heading\" data-id=\"76b9407\" data-element_type=\"widget\" data-widget_type=\"heading.default\">\n\t\t\t\t<div class=\"elementor-widget-container\">\n\t\t\t\t\t<h4 class=\"elementor-heading-title elementor-size-default\">Funciones<\/h4>\t\t\t\t<\/div>\n\t\t\t\t<\/div>\n\t\t\t\t<div class=\"elementor-element elementor-element-660c79b elementor-widget-divider--view-line elementor-widget elementor-widget-divider\" data-id=\"660c79b\" data-element_type=\"widget\" data-widget_type=\"divider.default\">\n\t\t\t\t<div class=\"elementor-widget-container\">\n\t\t\t\t\t\t\t<div class=\"elementor-divider\">\n\t\t\t<span class=\"elementor-divider-separator\">\n\t\t\t\t\t\t<\/span>\n\t\t<\/div>\n\t\t\t\t\t\t<\/div>\n\t\t\t\t<\/div>\n\t\t\t\t<div class=\"elementor-element elementor-element-5b2af09 elementor-widget elementor-widget-text-editor\" data-id=\"5b2af09\" data-element_type=\"widget\" data-widget_type=\"text-editor.default\">\n\t\t\t\t<div class=\"elementor-widget-container\">\n\t\t\t\t\t\t\t\t\t<ol><li><p><em><span style=\"color: #000000;\">Coordinar, supervisar y apoyar en el cumplimiento de las funciones de los servicios de Trabajo Social de los establecimientos de salud del SEDES.<\/span><\/em><\/p><\/li><li><p><em><span style=\"color: #000000;\">Participar en actividades de planificaci\u00f3n y evaluaci\u00f3n de los Servicios de Trabajo Social en las determinantes sociales. Seguimiento y control de actividades de prevenci\u00f3n, promoci\u00f3n y atenci\u00f3n de Trabajo Social en los establecimientos del Sistema de Salud.<\/span><\/em><\/p><\/li><li><p><em><span style=\"color: #000000;\">Programar y Realizar talleres y cursos de actualizaci\u00f3n y educaci\u00f3n continua de las profesionales de trabajo Social.<\/span><\/em><\/p><\/li><li><p><em><span style=\"color: #000000;\">Realizar Juntas de An\u00e1lisis de Informaci\u00f3n con las profesionales de los tres niveles de atenci\u00f3n.<\/span><\/em><\/p><\/li><li><p><em><span style=\"color: #000000;\">Convocar a concurso de m\u00e9ritos, examen de competencia a \u00edtems de profesionales en Trabajo Social de acuerdo al estatuto del Colegio Nacional de Trabajo Social<\/span><\/em><\/p><\/li><li><p><em><span style=\"color: #000000;\">Participa en programas de investigaci\u00f3n multidisciplinario de salud<\/span><\/em><\/p><\/li><li><p><em><span style=\"color: #000000;\">Supervisi\u00f3n a Trabajadoras Sociales en Establecimientos de Salud.<\/span><\/em><\/p><\/li><li><p><em><span style=\"color: #000000;\">Participaci\u00f3n en Reuniones T\u00e9cnicas de la Unidad y Direcci\u00f3n del SEDES <\/span><\/em><\/p><\/li><li><p><em><span style=\"color: #000000;\">Participaci\u00f3n de CAIs Municipales, Red de Coordinaci\u00f3n y Departamentales.<\/span><\/em><\/p><\/li><li><p><em><span style=\"color: #000000;\">Participaci\u00f3n en Audiencias P\u00fablicas del SEDES<\/span><\/em><\/p><\/li><li><p><em><span style=\"color: #000000;\">Participaci\u00f3n de Ferias, Campa\u00f1as Lanzamientos y otros convocados por Direcci\u00f3n, Unidades y \u00c1reas.<\/span><\/em><\/p><\/li><li><p><em><span style=\"color: #000000;\">Elaborar el Plan Operativo Anual del \u00c1rea.<\/span><\/em><\/p><\/li><\/ol>\t\t\t\t\t\t\t\t<\/div>\n\t\t\t\t<\/div>\n\t\t\t\t<div class=\"elementor-element elementor-element-f493485 elementor-widget elementor-widget-heading\" data-id=\"f493485\" data-element_type=\"widget\" data-widget_type=\"heading.default\">\n\t\t\t\t<div class=\"elementor-widget-container\">\n\t\t\t\t\t<h4 class=\"elementor-heading-title elementor-size-default\">Metas<\/h4>\t\t\t\t<\/div>\n\t\t\t\t<\/div>\n\t\t\t\t<div class=\"elementor-element elementor-element-2ba192c elementor-widget-divider--view-line elementor-widget elementor-widget-divider\" data-id=\"2ba192c\" data-element_type=\"widget\" data-widget_type=\"divider.default\">\n\t\t\t\t<div class=\"elementor-widget-container\">\n\t\t\t\t\t\t\t<div class=\"elementor-divider\">\n\t\t\t<span class=\"elementor-divider-separator\">\n\t\t\t\t\t\t<\/span>\n\t\t<\/div>\n\t\t\t\t\t\t<\/div>\n\t\t\t\t<\/div>\n\t\t\t\t<div class=\"elementor-element elementor-element-772e4e5 elementor-widget elementor-widget-text-editor\" data-id=\"772e4e5\" data-element_type=\"widget\" data-widget_type=\"text-editor.default\">\n\t\t\t\t<div class=\"elementor-widget-container\">\n\t\t\t\t\t\t\t\t\t<ul><li><p><span style=\"color: #000000;\"><em>Contar con un Manual T\u00e9cnico Operativo Trabajo Social en Salud <\/em><\/span><\/p><\/li><li><p><span style=\"color: #000000;\"><em>Elaborar la Gu\u00eda de Aplicaci\u00f3n de Instrumentos T\u00e9cnicos de Trabajo Social <\/em><\/span><\/p><\/li><li><p><span style=\"color: #000000;\"><em>Aplicaci\u00f3n de la Pauta de Valoraci\u00f3n Socio Econ\u00f3mica y Ponderaci\u00f3n de puntajes por los establecimientos de Salud del 1er, 2do y 3er Nivel de Atenci\u00f3n del Servicio Departamental de Salud Oruro <\/em><\/span><\/p><\/li><li><p><span style=\"color: #000000;\"><em>Uso del Manejo de Variables e Indicadores de la Pauta de Valoraci\u00f3n Socio \u2013 Econ\u00f3mica<\/em><\/span><\/p><\/li><li><p><span style=\"color: #000000;\"><em>Intervenci\u00f3n permanente de las profesionales de Trabajo Social en An\u00e1lisis de muerte materna y neonatal.<\/em><\/span><\/p><\/li><li><p><span style=\"color: #000000;\"><em>Participaci\u00f3n activa en actividades de promoci\u00f3n y prevenci\u00f3n en salud. <\/em><\/span><\/p><\/li><li><p><span style=\"color: #000000;\"><em>Tener amplia coordinaci\u00f3n con los diferentes programas del sistema p\u00fablico de salud<\/em><\/span><\/p><\/li><\/ul>\t\t\t\t\t\t\t\t<\/div>\n\t\t\t\t<\/div>\n\t\t\t\t\t<\/div>\n\t\t\t\t<\/div>\n\t\t\t\t<\/div>\n\t\t","protected":false},"excerpt":{"rendered":"<p>\u00c1REA TRABAJO SOCIAL Objetivo \u201cOptimizar la intervenci\u00f3n de Trabajo Social en los establecimientos de salud de acuerdo al nivel de [&hellip;]<\/p>\n","protected":false},"author":1,"featured_media":0,"parent":0,"menu_order":0,"comment_status":"closed","ping_status":"closed","template":"","meta":{"_cbd_carousel_blocks":"[]","site-sidebar-layout":"default","site-content-layout":"","ast-site-content-layout":"default","site-content-style":"default","site-sidebar-style":"default","ast-global-header-display":"","ast-banner-title-visibility":"","ast-main-header-display":"","ast-hfb-above-header-display":"","ast-hfb-below-header-display":"","ast-hfb-mobile-header-display":"","site-post-title":"","ast-breadcrumbs-content":"","ast-featured-img":"","footer-sml-layout":"","ast-disable-related-posts":"","theme-transparent-header-meta":"","adv-header-id-meta":"","stick-header-meta":"","header-above-stick-meta":"","header-main-stick-meta":"","header-below-stick-meta":"","astra-migrate-meta-layouts":"default","ast-page-background-enabled":"default","ast-page-background-meta":{"desktop":{"background-color":"var(--ast-global-color-5)","background-image":"","background-repeat":"repeat","background-position":"center center","background-size":"auto","background-attachment":"scroll","background-type":"","background-media":"","overlay-type":"","overlay-color":"","overlay-opacity":"","overlay-gradient":""},"tablet":{"background-color":"","background-image":"","background-repeat":"repeat","background-position":"center center","background-size":"auto","background-attachment":"scroll","background-type":"","background-media":"","overlay-type":"","overlay-color":"","overlay-opacity":"","overlay-gradient":""},"mobile":{"background-color":"","background-image":"","background-repeat":"repeat","background-position":"center center","background-size":"auto","background-attachment":"scroll","background-type":"","background-media":"","overlay-type":"","overlay-color":"","overlay-opacity":"","overlay-gradient":""}},"ast-content-background-meta":{"desktop":{"background-color":"var(--ast-global-color-4)","background-image":"","background-repeat":"repeat","background-position":"center center","background-size":"auto","background-attachment":"scroll","background-type":"","background-media":"","overlay-type":"","overlay-color":"","overlay-opacity":"","overlay-gradient":""},"tablet":{"background-color":"var(--ast-global-color-4)","background-image":"","background-repeat":"repeat","background-position":"center center","background-size":"auto","background-attachment":"scroll","background-type":"","background-media":"","overlay-type":"","overlay-color":"","overlay-opacity":"","overlay-gradient":""},"mobile":{"background-color":"var(--ast-global-color-4)","background-image":"","background-repeat":"repeat","background-position":"center center","background-size":"auto","background-attachment":"scroll","background-type":"","background-media":"","overlay-type":"","overlay-color":"","overlay-opacity":"","overlay-gradient":""}},"footnotes":""},"class_list":["post-590","page","type-page","status-publish","hentry"],"yoast_head":"<!-- This site is optimized with the Yoast SEO plugin v23.1 - https:\/\/yoast.com\/wordpress\/plugins\/seo\/ -->\n<title>Trabajo Social - %<\/title>\n<meta name=\"robots\" content=\"index, follow, max-snippet:-1, max-image-preview:large, max-video-preview:-1\" \/>\n<link rel=\"canonical\" href=\"https:\/\/www.sedesoruro.gob.bo\/index.php\/trabajosocial\/\" \/>\n<meta property=\"og:locale\" content=\"es_ES\" \/>\n<meta property=\"og:type\" content=\"article\" \/>\n<meta property=\"og:title\" content=\"Trabajo Social - %\" \/>\n<meta property=\"og:description\" content=\"\u00c1REA TRABAJO SOCIAL Objetivo \u201cOptimizar la intervenci\u00f3n de Trabajo Social en los establecimientos de salud de acuerdo al nivel de [&hellip;]\" \/>\n<meta property=\"og:url\" content=\"https:\/\/www.sedesoruro.gob.bo\/index.php\/trabajosocial\/\" \/>\n<meta property=\"og:site_name\" content=\"SERVICIO DEPARTAMENTAL DE SALUD - ORURO\" \/>\n<meta property=\"article:publisher\" content=\"https:\/\/www.facebook.com\/SEDESOR\" \/>\n<meta property=\"article:modified_time\" content=\"2024-07-10T19:11:12+00:00\" \/>\n<meta property=\"og:image\" content=\"https:\/\/www.sedesoruro.gob.bo\/wp-content\/uploads\/slider3\/9-300x225.jpeg\" \/>\n<meta name=\"twitter:card\" content=\"summary_large_image\" \/>\n<meta name=\"twitter:label1\" content=\"Tiempo de lectura\" \/>\n\t<meta name=\"twitter:data1\" content=\"2 minutos\" \/>\n<script type=\"application\/ld+json\" class=\"yoast-schema-graph\">{\"@context\":\"https:\/\/schema.org\",\"@graph\":[{\"@type\":\"WebPage\",\"@id\":\"https:\/\/www.sedesoruro.gob.bo\/index.php\/trabajosocial\/\",\"url\":\"https:\/\/www.sedesoruro.gob.bo\/index.php\/trabajosocial\/\",\"name\":\"Trabajo Social - %\",\"isPartOf\":{\"@id\":\"https:\/\/www.sedesoruro.gob.bo\/#website\"},\"primaryImageOfPage\":{\"@id\":\"https:\/\/www.sedesoruro.gob.bo\/index.php\/trabajosocial\/#primaryimage\"},\"image\":{\"@id\":\"https:\/\/www.sedesoruro.gob.bo\/index.php\/trabajosocial\/#primaryimage\"},\"thumbnailUrl\":\"https:\/\/www.sedesoruro.gob.bo\/wp-content\/uploads\/slider3\/9-300x225.jpeg\",\"datePublished\":\"2024-07-09T16:55:08+00:00\",\"dateModified\":\"2024-07-10T19:11:12+00:00\",\"breadcrumb\":{\"@id\":\"https:\/\/www.sedesoruro.gob.bo\/index.php\/trabajosocial\/#breadcrumb\"},\"inLanguage\":\"es\",\"potentialAction\":[{\"@type\":\"ReadAction\",\"target\":[\"https:\/\/www.sedesoruro.gob.bo\/index.php\/trabajosocial\/\"]}]},{\"@type\":\"ImageObject\",\"inLanguage\":\"es\",\"@id\":\"https:\/\/www.sedesoruro.gob.bo\/index.php\/trabajosocial\/#primaryimage\",\"url\":\"https:\/\/www.sedesoruro.gob.bo\/wp-content\/uploads\/slider3\/9-300x225.jpeg\",\"contentUrl\":\"https:\/\/www.sedesoruro.gob.bo\/wp-content\/uploads\/slider3\/9-300x225.jpeg\"},{\"@type\":\"BreadcrumbList\",\"@id\":\"https:\/\/www.sedesoruro.gob.bo\/index.php\/trabajosocial\/#breadcrumb\",\"itemListElement\":[{\"@type\":\"ListItem\",\"position\":1,\"name\":\"Portada\",\"item\":\"https:\/\/www.sedesoruro.gob.bo\/\"},{\"@type\":\"ListItem\",\"position\":2,\"name\":\"Trabajo Social\"}]},{\"@type\":\"WebSite\",\"@id\":\"https:\/\/www.sedesoruro.gob.bo\/#website\",\"url\":\"https:\/\/www.sedesoruro.gob.bo\/\",\"name\":\"sedesoruro.gob.bo\",\"description\":\"Al Servicio de la poblaci\u00f3n orure\u00f1a\",\"publisher\":{\"@id\":\"https:\/\/www.sedesoruro.gob.bo\/#organization\"},\"alternateName\":\"Servicio Departamental de Salud - Oruro\",\"potentialAction\":[{\"@type\":\"SearchAction\",\"target\":{\"@type\":\"EntryPoint\",\"urlTemplate\":\"https:\/\/www.sedesoruro.gob.bo\/?s={search_term_string}\"},\"query-input\":\"required name=search_term_string\"}],\"inLanguage\":\"es\"},{\"@type\":\"Organization\",\"@id\":\"https:\/\/www.sedesoruro.gob.bo\/#organization\",\"name\":\"Servicio Departamental de Salud - Oruro\",\"alternateName\":\"SEDES ORURO\",\"url\":\"https:\/\/www.sedesoruro.gob.bo\/\",\"logo\":{\"@type\":\"ImageObject\",\"inLanguage\":\"es\",\"@id\":\"https:\/\/www.sedesoruro.gob.bo\/#\/schema\/logo\/image\/\",\"url\":\"https:\/\/www.sedesoruro.gob.bo\/wp-content\/uploads\/2024\/08\/LOGO-SEDES.jpg\",\"contentUrl\":\"https:\/\/www.sedesoruro.gob.bo\/wp-content\/uploads\/2024\/08\/LOGO-SEDES.jpg\",\"width\":226,\"height\":223,\"caption\":\"Servicio Departamental de Salud - Oruro\"},\"image\":{\"@id\":\"https:\/\/www.sedesoruro.gob.bo\/#\/schema\/logo\/image\/\"},\"sameAs\":[\"https:\/\/www.facebook.com\/SEDESOR\"]}]}<\/script>\n<!-- \/ Yoast SEO plugin. -->","yoast_head_json":{"title":"Trabajo Social - %","robots":{"index":"index","follow":"follow","max-snippet":"max-snippet:-1","max-image-preview":"max-image-preview:large","max-video-preview":"max-video-preview:-1"},"canonical":"https:\/\/www.sedesoruro.gob.bo\/index.php\/trabajosocial\/","og_locale":"es_ES","og_type":"article","og_title":"Trabajo Social - %","og_description":"\u00c1REA TRABAJO SOCIAL Objetivo \u201cOptimizar la intervenci\u00f3n de Trabajo Social en los establecimientos de salud de acuerdo al nivel de [&hellip;]","og_url":"https:\/\/www.sedesoruro.gob.bo\/index.php\/trabajosocial\/","og_site_name":"SERVICIO DEPARTAMENTAL DE SALUD - ORURO","article_publisher":"https:\/\/www.facebook.com\/SEDESOR","article_modified_time":"2024-07-10T19:11:12+00:00","og_image":[{"url":"https:\/\/www.sedesoruro.gob.bo\/wp-content\/uploads\/slider3\/9-300x225.jpeg"}],"twitter_card":"summary_large_image","twitter_misc":{"Tiempo de lectura":"2 minutos"},"schema":{"@context":"https:\/\/schema.org","@graph":[{"@type":"WebPage","@id":"https:\/\/www.sedesoruro.gob.bo\/index.php\/trabajosocial\/","url":"https:\/\/www.sedesoruro.gob.bo\/index.php\/trabajosocial\/","name":"Trabajo Social - %","isPartOf":{"@id":"https:\/\/www.sedesoruro.gob.bo\/#website"},"primaryImageOfPage":{"@id":"https:\/\/www.sedesoruro.gob.bo\/index.php\/trabajosocial\/#primaryimage"},"image":{"@id":"https:\/\/www.sedesoruro.gob.bo\/index.php\/trabajosocial\/#primaryimage"},"thumbnailUrl":"https:\/\/www.sedesoruro.gob.bo\/wp-content\/uploads\/slider3\/9-300x225.jpeg","datePublished":"2024-07-09T16:55:08+00:00","dateModified":"2024-07-10T19:11:12+00:00","breadcrumb":{"@id":"https:\/\/www.sedesoruro.gob.bo\/index.php\/trabajosocial\/#breadcrumb"},"inLanguage":"es","potentialAction":[{"@type":"ReadAction","target":["https:\/\/www.sedesoruro.gob.bo\/index.php\/trabajosocial\/"]}]},{"@type":"ImageObject","inLanguage":"es","@id":"https:\/\/www.sedesoruro.gob.bo\/index.php\/trabajosocial\/#primaryimage","url":"https:\/\/www.sedesoruro.gob.bo\/wp-content\/uploads\/slider3\/9-300x225.jpeg","contentUrl":"https:\/\/www.sedesoruro.gob.bo\/wp-content\/uploads\/slider3\/9-300x225.jpeg"},{"@type":"BreadcrumbList","@id":"https:\/\/www.sedesoruro.gob.bo\/index.php\/trabajosocial\/#breadcrumb","itemListElement":[{"@type":"ListItem","position":1,"name":"Portada","item":"https:\/\/www.sedesoruro.gob.bo\/"},{"@type":"ListItem","position":2,"name":"Trabajo Social"}]},{"@type":"WebSite","@id":"https:\/\/www.sedesoruro.gob.bo\/#website","url":"https:\/\/www.sedesoruro.gob.bo\/","name":"sedesoruro.gob.bo","description":"Al Servicio de la poblaci\u00f3n orure\u00f1a","publisher":{"@id":"https:\/\/www.sedesoruro.gob.bo\/#organization"},"alternateName":"Servicio Departamental de Salud - Oruro","potentialAction":[{"@type":"SearchAction","target":{"@type":"EntryPoint","urlTemplate":"https:\/\/www.sedesoruro.gob.bo\/?s={search_term_string}"},"query-input":"required name=search_term_string"}],"inLanguage":"es"},{"@type":"Organization","@id":"https:\/\/www.sedesoruro.gob.bo\/#organization","name":"Servicio Departamental de Salud - Oruro","alternateName":"SEDES ORURO","url":"https:\/\/www.sedesoruro.gob.bo\/","logo":{"@type":"ImageObject","inLanguage":"es","@id":"https:\/\/www.sedesoruro.gob.bo\/#\/schema\/logo\/image\/","url":"https:\/\/www.sedesoruro.gob.bo\/wp-content\/uploads\/2024\/08\/LOGO-SEDES.jpg","contentUrl":"https:\/\/www.sedesoruro.gob.bo\/wp-content\/uploads\/2024\/08\/LOGO-SEDES.jpg","width":226,"height":223,"caption":"Servicio Departamental de Salud - Oruro"},"image":{"@id":"https:\/\/www.sedesoruro.gob.bo\/#\/schema\/logo\/image\/"},"sameAs":["https:\/\/www.facebook.com\/SEDESOR"]}]}},"_links":{"self":[{"href":"https:\/\/www.sedesoruro.gob.bo\/index.php\/wp-json\/wp\/v2\/pages\/590","targetHints":{"allow":["GET"]}}],"collection":[{"href":"https:\/\/www.sedesoruro.gob.bo\/index.php\/wp-json\/wp\/v2\/pages"}],"about":[{"href":"https:\/\/www.sedesoruro.gob.bo\/index.php\/wp-json\/wp\/v2\/types\/page"}],"author":[{"embeddable":true,"href":"https:\/\/www.sedesoruro.gob.bo\/index.php\/wp-json\/wp\/v2\/users\/1"}],"replies":[{"embeddable":true,"href":"https:\/\/www.sedesoruro.gob.bo\/index.php\/wp-json\/wp\/v2\/comments?post=590"}],"version-history":[{"count":55,"href":"https:\/\/www.sedesoruro.gob.bo\/index.php\/wp-json\/wp\/v2\/pages\/590\/revisions"}],"predecessor-version":[{"id":703,"href":"https:\/\/www.sedesoruro.gob.bo\/index.php\/wp-json\/wp\/v2\/pages\/590\/revisions\/703"}],"wp:attachment":[{"href":"https:\/\/www.sedesoruro.gob.bo\/index.php\/wp-json\/wp\/v2\/media?parent=590"}],"curies":[{"name":"wp","href":"https:\/\/api.w.org\/{rel}","templated":true}]}}